{"id":18960,"date":"2023-10-09T08:51:26","date_gmt":"2023-10-09T08:51:26","guid":{"rendered":"https:\/\/creanovaschool.com\/?page_id=18960"},"modified":"2024-11-15T12:54:37","modified_gmt":"2024-11-15T11:54:37","slug":"aviso-legal","status":"publish","type":"page","link":"https:\/\/creanovaschool.com\/ca\/aviso-legal\/","title":{"rendered":"Av\u00eds legal"},"content":{"rendered":"<h2><strong>AV\u00cdS LEGAL<\/strong><\/h2>\n<p><strong>NOVACREANOVA 23, SL<\/strong> (d&#039;ara endavant \u201cl&#039;empresa\u201d), amb domicili a <strong>CARRETERA DE RUBI, 90, 08174, SANTCUGAT DEL VALL\u00c8S ( BARCELONA)<\/strong>, i amb <strong>CIF B44775104<\/strong>, inscrita al Registre Mercantil de Barcelona, N\u00fam. Protocol 239\/2023, Inscripci\u00f3 1a, Full B-591995, Foli 110, Tom 48668, de la Secci\u00f3 General de Societats. INFORMA:<br \/>La utilitzaci\u00f3 del nom de domini <strong>https:\/\/www.creanovaschool.com\/es\/<\/strong>\u00a0es troba degudament registrat per l&#039;empresa, amb totes les garanties, tal com disposa la Llei 34\/2002, d&#039;11 de juliol, de serveis de la societat de la informaci\u00f3 i del comer\u00e7 electr\u00f2nic. Aix\u00f2 no obstant, es posa de manifest la plena adequaci\u00f3 dels presents Termes Legals a la normativa vigent en mat\u00e8ria de Protecci\u00f3 de Dades, Comer\u00e7 Electr\u00f2nic, Condicions Contractaci\u00f3, Propietat Intel\u00b7lectual i altres disposicions subsidi\u00e0ries.<\/p>\n\n\n<ol class=\"wp-block-list\">\n<li><strong>CEPTACI\u00d3 DELS TERMES LEGALS<\/strong>\n<ol style=\"list-style-type:upper-alpha\" class=\"wp-block-list\">\n<li>L&#039;acc\u00e9s a aquest lloc web o la seva utilitzaci\u00f3 en qualsevol forma implica l&#039;acceptaci\u00f3 de totes i cadascuna dels presents Termes Legals, reservant-se l&#039;empresa el dret a modificar-los en qualsevol moment. En conseq\u00fc\u00e8ncia, ser\u00e0 responsabilitat de qualsevol visitant i\/o Usuari, l&#039;atenta lectura dels Termes Legals d&#039;\u00fas vigent en cadascuna de les ocasions en qu\u00e8 accedeixi a aquest lloc web, per la qual cosa, si aquest no est\u00e0 d&#039;acord amb qualsevol dels mateixos aqu\u00ed disposats, caldr\u00e0 abstenir-se respecte a l&#039;\u00fas de la present p\u00e0gina web.<br><\/li>\n<\/ol>\n<\/li>\n\n\n\n<li><strong>OBJECTE<\/strong>\n<ol style=\"list-style-type:upper-alpha\" class=\"wp-block-list\">\n<li>Per mitj\u00e0 de la web https:\/\/www.creanovaschool.com\/es\/, es facilita als usuaris l&#039;acc\u00e9s a diversos continguts, serveis, informaci\u00f3 i dades (els \u00abcontinguts\u00bb), posats a la vostra disposici\u00f3. el dret de modificar en qualsevol moment la presentaci\u00f3, configuraci\u00f3 i localitzaci\u00f3 de la p\u00e0gina web, aix\u00ed com els continguts, productes i serveis en ell disposats.<br><\/li>\n<\/ol>\n<\/li>\n\n\n\n<li><strong>CONDICIONS D&#039;ACC\u00c9S<\/strong>\n<ol style=\"list-style-type:upper-alpha\" class=\"wp-block-list\">\n<li>L&#039;acc\u00e9s a la informaci\u00f3 dels diferents productes i serveis existents al lloc web, aix\u00ed com a la vostra navegaci\u00f3 ser\u00e0 lliure i gratu\u00efta i no exigir per tant als Usuaris el registre pertinent amb el conseq\u00fcent lliurament de les vostres dades personals, ni la utilitzaci\u00f3 de claus o contrasenyes.<\/li>\n\n\n\n<li>Quan per a l&#039;acc\u00e9s a determinats continguts o serveis calgui facilitar dades de car\u00e0cter personal, els Usuaris garantiran la seva veracitat, exactitud, autenticitat i vig\u00e8ncia. L&#039;empresa ha de donar a aquestes dades el tractament automatitzat que correspongui en funci\u00f3 de la seva naturalesa o finalitat, en els termes indicats a la secci\u00f3 de Pol\u00edtica de Protecci\u00f3 de Dades.<br><\/li>\n<\/ol>\n<\/li>\n\n\n\n<li><strong>CONDICIONS D&#039;UTILITZACI\u00d3<\/strong>\n<ol style=\"list-style-type:upper-alpha\" class=\"wp-block-list\">\n<li>L&#039;Usuari es compromet a fer un \u00fas adequat i l\u00edcit del lloc web aix\u00ed com dels continguts i serveis, de conformitat amb la legislaci\u00f3 aplicable a cada moment, els Termes Legals del lloc web, la moral i bons costums generalment acceptats i l&#039;ordre p\u00fablic .L&#039;Usuari haur\u00e0 d&#039;abstenir-se de:\n<ul class=\"wp-block-list\">\n<li>Fer un \u00fas no autoritzat o fraudulent del lloc web i\/o dels continguts amb fins o efectes il\u00b7l\u00edcits, prohibits en aquests Termes Legals, lesius dels drets i interessos de tercers, o que de qualsevol manera puguin danyar, inutilitzar, sobrecarregar, deteriorar o impedir la utilitzaci\u00f3 normal dels serveis o els documents, arxius i tota mena de continguts emmagatzemats en qualsevol equip inform\u00e0tic;<\/li>\n\n\n\n<li>Accedir o intentar accedir a recursos o \u00e0rees restringides del lloc web, sense complir les condicions exigides per a aquest acc\u00e9s;<\/li>\n\n\n\n<li>Provocar danys als sistemes f\u00edsics o l\u00f2gics del lloc web, dels seus prove\u00efdors o de tercers;<\/li>\n\n\n\n<li>Introduir o difondre a la xarxa virus inform\u00e0tics o qualssevol altres sistemes f\u00edsics o l\u00f2gics que siguin susceptibles de provocar danys als sistemes f\u00edsics o l\u00f2gics de l&#039;empresa, dels seus prove\u00efdors o de tercers<\/li>\n\n\n\n<li>Intentar accedir, utilitzar i\/o manipular les dades de lempresa, tercers prove\u00efdors i altres Usuaris;<\/li>\n\n\n\n<li>Reproduir o copiar, distribuir, permetre l&#039;acc\u00e9s del p\u00fablic a trav\u00e9s de qualsevol modalitat de comunicaci\u00f3 p\u00fablica, transformar o modificar els continguts, llevat que es compti amb l&#039;autoritzaci\u00f3 expressa del titular dels drets corresponents o sigui legalment perm\u00e8s;<\/li>\n\n\n\n<li>Suprimir, ocultar o manipular les notes sobre drets de propietat intel\u00b7lectual o industrial i altres dades identificatives dels drets de l&#039;empresa o de tercers incorporats als continguts, aix\u00ed com els dispositius t\u00e8cnics de protecci\u00f3 o qualsevol mecanisme d&#039;informaci\u00f3 que es pugui inserir en els continguts ;<\/li>\n\n\n\n<li>Intentar obtenir dades personals diferents de les que est\u00e0 autoritzat a con\u00e8ixer, emprant per a aix\u00f2 mitjans o procediments il\u00b7l\u00edcits, fraudulents o que puguin causar qualsevol tipus de dany. (Vegeu Virus, troians, bugs, Worms, etc).<\/li>\n\n\n\n<li>En particular, ia t\u00edtol merament indicatiu i no exhaustiu, l&#039;Usuari es compromet a no transmetre, difondre o posar a disposici\u00f3 de tercers informacions, dades, continguts, missatges, gr\u00e0fics, dibuixos, arxius de so i\/o imatge, fotografies, enregistraments, programari i, en general, qualsevol classe de material que:\n<ul class=\"wp-block-list\">\n<li>De qualsevol manera sigui contrari, menysprei o atempti contra els drets fonamentals i les llibertats p\u00fabliques reconegudes constitucionalment, als Tractats Internacionals ia la resta de la legislaci\u00f3;<\/li>\n\n\n\n<li>Indueixi, inciti o promogui actuacions delictives, denigrat\u00f2ries, difamat\u00f2ries, violentes o, en general, contr\u00e0ries a la llei, a la moral, als bons costums generalment acceptats oa l&#039;ordre p\u00fablic;<\/li>\n\n\n\n<li>Indueixi, inciti o promogui actuacions, actituds o pensaments discriminatoris per ra\u00f3 de sexe, ra\u00e7a, religi\u00f3, creences, edat o condici\u00f3;<\/li>\n\n\n\n<li>Incorporeu, poseu a disposici\u00f3 o permeteu accedir a productes, elements, missatges i\/o serveis delictius, violents, ofensius, nocius, degradants o, en general, contraris a la llei, a la moral i als bons costums generalment acceptats oa l&#039;ordre p\u00fablic ;<\/li>\n\n\n\n<li>Indu\u00efu o pugueu induir a un estat inacceptable d&#039;ansietat o temor;<\/li>\n\n\n\n<li>Indueixi o inciti a involucrar-se en pr\u00e0ctiques perilloses, de risc o nocives per a la salut i lequilibri ps\u00edquic;<\/li>\n\n\n\n<li>Est\u00e0 protegit per la legislaci\u00f3 en mat\u00e8ria de protecci\u00f3 intel\u00b7lectual o industrial pertanyent a l&#039;empresa oa tercers sense que hagi estat autoritzat l&#039;\u00fas que es pretengui fer;<\/li>\n\n\n\n<li>Sigui contrari a l&#039;honor, a la intimitat personal i familiar oa la pr\u00f2pia imatge de les persones;<\/li>\n\n\n\n<li>Constitu\u00efu qualsevol tipus de publicitat;<\/li>\n\n\n\n<li>Incloeu qualsevol tipus de virus o programa que impedeixi el normal funcionament del lloc web.<\/li>\n<\/ul>\n<\/li>\n<\/ul>\n<\/li>\n\n\n\n<li>Quan per a l&#039;acc\u00e9s a determinats continguts o serveis calgui facilitar dades de car\u00e0cter personal, els Usuaris garantiran la seva veracitat, exactitud, autenticitat i vig\u00e8ncia. L&#039;empresa ha de donar a aquestes dades el tractament automatitzat que correspongui en funci\u00f3 de la seva naturalesa o finalitat, en els termes indicats a la secci\u00f3 de Pol\u00edtica de Protecci\u00f3 de Dades.<br><\/li>\n<\/ol>\n<\/li>\n\n\n\n<li><strong>RESPONSABILITATS<\/strong>\n<ol style=\"list-style-type:upper-alpha\" class=\"wp-block-list\">\n<li>L&#039;empresa no garanteix l&#039;acc\u00e9s continuat, ni la correcta visualitzaci\u00f3, desc\u00e0rrega o utilitat dels elements i les informacions contingudes a les p\u00e0gines de l&#039;empresa, que es poden veure impedits, dificultats o interromputs per factors o circumst\u00e0ncies que estan fora del seu control.<\/li>\n\n\n\n<li>L&#039;empresa podr\u00e0 interrompre el servei o resoldre de manera immediata la relaci\u00f3 amb l&#039;Usuari si detecta un \u00fas del seu Portal o de qualsevol dels serveis que s&#039;hi ofereixen s\u00f3n contraris als presents Termes Legals.<\/li>\n\n\n\n<li>L&#039;empresa posa a disposici\u00f3 dels usuaris una adre\u00e7a de correu electr\u00f2nic veronicamena@creanovaschool.com perqu\u00e8 qualsevol contingut que pugui afectar l&#039;activitat d&#039;altres usuaris sigui posat de manifest, amb la voluntat de rectificar-lo en cas de ser apropiat.<\/li>\n\n\n\n<li>L&#039;empresa no es fa responsable per danys, perjudicis, p\u00e8rdues, reclamacions o despeses, produ\u00efdes per:\n<ul class=\"wp-block-list\">\n<li>Interfer\u00e8ncies, interrupcions, fallades, omissions, avaries telef\u00f2niques, retards, bloquejos o desconnexions en el funcionament del sistema electr\u00f2nic, motivades per defici\u00e8ncies, sobrec\u00e0rregues i errors a les l\u00ednies i xarxes de telecomunicacions, o per qualsevol altra causa aliena al control de l&#039;empresa;<\/li>\n\n\n\n<li>Intromissions il\u00b7leg\u00edtimes mitjan\u00e7ant l&#039;\u00fas de programes malignes de qualsevol tipus ia trav\u00e9s de qualsevol mitj\u00e0 de comunicaci\u00f3, com ara virus inform\u00e0tics o qualssevol altres;<\/li>\n\n\n\n<li>Ab\u00fas indegut o inadequat de les p\u00e0gines web de l&#039;empresa;<\/li>\n\n\n\n<li>Errors de seguretat o navegaci\u00f3 produ\u00efts per un mal funcionament del navegador o per l\u00fas de versions no actualitzades del mateix. Els administradors de l&#039;empresa es reserven el dret de retirar, totalment o parcialment, qualsevol contingut o informaci\u00f3 present a la web.<\/li>\n<\/ul>\n<\/li>\n\n\n\n<li>L&#039;empresa exclou qualsevol responsabilitat pels danys i perjudicis de tota naturalesa que poguessin deure&#039;s a la mala utilitzaci\u00f3 dels serveis de lliure disposici\u00f3 i \u00fas per part dels usuaris de la Web. Aix\u00ed mateix, l&#039;empresa queda exonerada de qualsevol responsabilitat pel contingut i les informacions que puguin ser rebudes com a conseq\u00fc\u00e8ncia dels formularis de recollida de dades, i aquestes estan \u00fanicament per a la prestaci\u00f3 dels serveis descrits oferts per l&#039;empresa; Serveis com ara comer\u00e7 en l\u00ednia i sol\u00b7licitud de pressupostos. D&#039;altra banda, en cas de causar danys i perjudicis per un \u00fas il\u00b7l\u00edcit o incorrecte dels serveis esmentats, l&#039;usuari podr\u00e0 ser reclamat per l&#039;empresa per aquests danys o perjudicis causats.<br><\/li>\n<\/ol>\n<\/li>\n\n\n\n<li><strong>PROPIETAT INTEL\u00b7LECTUAL I INDUSTRIAL<\/strong>\n<ol style=\"list-style-type:upper-alpha\" class=\"wp-block-list\">\n<li>L&#039;Usuari reconeix i accepta que totes les marques, noms comercials o signes distintius, tots els drets de propietat industrial i intel\u00b7lectual, sobre els continguts i\/o qualssevol altres elements inserits a la p\u00e0gina, s\u00f3n propietat exclusiva de l&#039;empresa i\/o de tercers , els qui tenen el dret exclusiu d&#039;utilitzar-los en el tr\u00e0nsit econ\u00f2mic. tret que s&#039;estableixi expressament el contrari. Els presents Termes Legals de la p\u00e0gina Web no confereixen als Usuaris cap altre dret d&#039;utilitzaci\u00f3, alteraci\u00f3, explotaci\u00f3, reproducci\u00f3, distribuci\u00f3 o comunicaci\u00f3 p\u00fablica de la p\u00e0gina Web i\/o dels seus Continguts diferents dels aqu\u00ed expressament previstos. Qualsevol altre \u00fas o explotaci\u00f3 de qualsevol dret estar\u00e0 subjecte a la pr\u00e8via i expressa autoritzaci\u00f3 espec\u00edficament atorgada a aquest efecte per l&#039;empresa o el tercer titular dels drets afectats.<\/li>\n\n\n\n<li>Els continguts, textos, fotografies, dissenys, logotips, imatges, programes d&#039;ordinador, codis font i, en general, qualsevol creaci\u00f3 intel\u00b7lectual existent en aquest lloc, aix\u00ed com el propi lloc en conjunt, com a obra art\u00edstica multim\u00e8dia, estan protegits com a drets d&#039;autor per la legislaci\u00f3 en mat\u00e8ria de propietat intel\u00b7lectual. L&#039;empresa \u00e9s titular dels elements que integren el disseny gr\u00e0fic de la seva p\u00e0gina web, els men\u00fas, els botons de navegaci\u00f3, el codi HTML, els textos, imatges, textures, gr\u00e0fics i qualsevol altre contingut de la p\u00e0gina web o, en qualsevol cas disposa de la corresponent autoritzaci\u00f3 per a la utilitzaci\u00f3 dels elements esmentats. El contingut disposat en aquesta web no podr\u00e0 ser reprodu\u00eft ni en tot ni en part, ni transm\u00e8s, ni registrat per cap sistema de recuperaci\u00f3 dinformaci\u00f3, en cap forma ni en cap mitj\u00e0, llevat que es compti amb lautoritzaci\u00f3 pr\u00e8via, per escrit , de la citada Entitat.<\/li>\n\n\n\n<li>Aix\u00ed mateix, queda prohibit suprimir, eludir o manipular el copyright i l&#039;empresa, aix\u00ed com els dispositius t\u00e8cnics de protecci\u00f3, o qualsevol mecanisme d&#039;informaci\u00f3 que pogu\u00e9s contenir els continguts. L&#039;Usuari d&#039;aquest lloc web es compromet a respectar els drets enunciats ia evitar qualsevol actuaci\u00f3 que els pugui perjudicar, reservant-se en tot cas l&#039;empresa l&#039;exercici de tots els mitjans o accions legals que li corresponguin en defensa dels seus leg\u00edtims drets de propietat intel\u00b7lectual i industrial.<br><\/li>\n<\/ol>\n<\/li>\n\n\n\n<li><strong>PROTECCI\u00d3 DE DADES<\/strong>\n<ol style=\"list-style-type:upper-alpha\" class=\"wp-block-list\">\n<li>Per utilitzar alguns dels serveis, els usuaris han de proporcionar pr\u00e8viament certes dades de car\u00e0cter personal. Per aix\u00f2, l&#039;empresa tractar\u00e0 automatitzadament les Dades Personals en compliment del Reglament General de Protecci\u00f3 de Dades 2016\/679 de 27 d&#039;abril de 2016. Per aix\u00f2, l&#039;usuari pot accedir a la pol\u00edtica seguida en el tractament de les dades personals (POLITICA PROTECCI\u00d3 DE DADES) aix\u00ed com l&#039;establiment de les finalitats pr\u00e8viament establertes, al que disposen les condicions definides a la Pol\u00edtica de Protecci\u00f3 de Dades que presenta el Web.<br><\/li>\n<\/ol>\n<\/li>\n\n\n\n<li><strong>DURADA I TERMINACI\u00d3<\/strong>\n<ol style=\"list-style-type:upper-alpha\" class=\"wp-block-list\">\n<li>La prestaci\u00f3 del servei del present lloc web i els altres serveis tenen en principi una durada indefinida. Aix\u00f2 no obstant, l&#039;empresa podr\u00e0 donar per acabada o suspendre qualsevol dels serveis del portal. Quan sigui possible, l&#039;empresa ha d&#039;anunciar la terminaci\u00f3 o la suspensi\u00f3 de la prestaci\u00f3 del servei determinat.<br><\/li>\n<\/ol>\n<\/li>\n\n\n\n<li><strong>FOR\u00c7A MAJOR<\/strong>\n<ol style=\"list-style-type:upper-alpha\" class=\"wp-block-list\">\n<li>L&#039;empresa no ser\u00e0 responsable en tot cas d&#039;impossibilitat de prestar servei, si aquesta es deu a interrupcions prolongades del subministrament el\u00e8ctric, l\u00ednies de telecomunicacions, conflictes socials, vagues, rebel\u00b7li\u00f3, explosions, inundacions, actes i omissions del Govern, i en general tots els sup\u00f2sits de for\u00e7a major.<br><\/li>\n<\/ol>\n<\/li>\n\n\n\n<li><strong>COOKIES UTILITZADES EN AQUEST LLOC WEB<\/strong>\n<ol style=\"list-style-type:upper-alpha\" class=\"wp-block-list\">\n<li>Seguint les directrius de l&#039;Ag\u00e8ncia Espanyola de Protecci\u00f3 de Dades podreu consultar la nostra pol\u00edtica de cookies punxant <a href=\"https:\/\/creanovaschool.com\/ca\/politica-de-cookies\/\">aqu\u00ed<\/a>.<br><\/li>\n<\/ol>\n<\/li>\n\n\n\n<li><strong>LLEI APLICABLE I JURISDICCI\u00d3<\/strong>\n<ol style=\"list-style-type:upper-alpha\" class=\"wp-block-list\">\n<li>Aquests Termes Legals es regeixen per la Llei espanyola. En la mesura que aix\u00ed ho permeti la llei, les parts amb ren\u00fancia expressa a qualsevol altre fur que els pugui correspondre, acorden sotmetre&#039;s a la jurisdicci\u00f3 dels jutjats i tribunals on recau la ra\u00f3 social de l&#039;empresa.<br><\/li>\n<\/ol>\n<\/li>\n<\/ol>","protected":false},"excerpt":{"rendered":"<p>AVISO LEGAL NOVACREANOVA 23, S.L. (en adelante \u201cla empresa\u201d), con domicilio en CARRETERA DE RUBI, 90, 08174, SANTCUGAT DEL VALL\u00c8S ( BARCELONA), y con CIF B44775104, inscrita en el Registro Mercantil de Barcelona, N\u00ba Protocolo 239\/2023, Inscripci\u00f3n 1\u00aa, Hoja B-591995, Folio 110, Tomo 48668, de la Secci\u00f3n General de Sociedades. INFORMA:La utilizaci\u00f3n del nombre de [&hellip;]<\/p>\n","protected":false},"author":3,"featured_media":0,"parent":0,"menu_order":0,"comment_status":"closed","ping_status":"closed","template":"","meta":{"footnotes":""},"class_list":["post-18960","page","type-page","status-publish","hentry"],"yoast_head":"<!-- This site is optimized with the Yoast SEO plugin v27.5 - https:\/\/yoast.com\/product\/yoast-seo-wordpress\/ -->\n<title>Aviso legal - CreaNova School<\/title>\n<meta name=\"robots\" content=\"index, follow, max-snippet:-1, max-image-preview:large, max-video-preview:-1\" \/>\n<link rel=\"canonical\" href=\"https:\/\/creanovaschool.com\/ca\/aviso-legal\/\" \/>\n<meta property=\"og:locale\" content=\"ca_ES\" \/>\n<meta property=\"og:type\" content=\"article\" \/>\n<meta property=\"og:title\" content=\"Aviso legal - CreaNova School\" \/>\n<meta property=\"og:description\" content=\"AVISO LEGAL NOVACREANOVA 23, S.L. (en adelante \u201cla empresa\u201d), con domicilio en CARRETERA DE RUBI, 90, 08174, SANTCUGAT DEL VALL\u00c8S ( BARCELONA), y con CIF B44775104, inscrita en el Registro Mercantil de Barcelona, N\u00ba Protocolo 239\/2023, Inscripci\u00f3n 1\u00aa, Hoja B-591995, Folio 110, Tomo 48668, de la Secci\u00f3n General de Sociedades. INFORMA:La utilizaci\u00f3n del nombre de [&hellip;]\" \/>\n<meta property=\"og:url\" content=\"https:\/\/creanovaschool.com\/ca\/aviso-legal\/\" \/>\n<meta property=\"og:site_name\" content=\"CreaNova School\" \/>\n<meta property=\"article:publisher\" content=\"https:\/\/www.facebook.com\/collegi.creanova\" \/>\n<meta property=\"article:modified_time\" content=\"2024-11-15T11:54:37+00:00\" \/>\n<meta name=\"twitter:card\" content=\"summary_large_image\" \/>\n<meta name=\"twitter:site\" content=\"@CollegiCreaNova\" \/>\n<meta name=\"twitter:label1\" content=\"Temps estimat de lectura\" \/>\n\t<meta name=\"twitter:data1\" content=\"10 minuts\" \/>\n<script type=\"application\/ld+json\" class=\"yoast-schema-graph\">{\"@context\":\"https:\\\/\\\/schema.org\",\"@graph\":[{\"@type\":\"WebPage\",\"@id\":\"https:\\\/\\\/creanovaschool.com\\\/aviso-legal\\\/\",\"url\":\"https:\\\/\\\/creanovaschool.com\\\/aviso-legal\\\/\",\"name\":\"Aviso legal - CreaNova School\",\"isPartOf\":{\"@id\":\"https:\\\/\\\/creanovaschool.com\\\/#website\"},\"datePublished\":\"2023-10-09T08:51:26+00:00\",\"dateModified\":\"2024-11-15T11:54:37+00:00\",\"breadcrumb\":{\"@id\":\"https:\\\/\\\/creanovaschool.com\\\/aviso-legal\\\/#breadcrumb\"},\"inLanguage\":\"ca\",\"potentialAction\":[{\"@type\":\"ReadAction\",\"target\":[\"https:\\\/\\\/creanovaschool.com\\\/aviso-legal\\\/\"]}]},{\"@type\":\"BreadcrumbList\",\"@id\":\"https:\\\/\\\/creanovaschool.com\\\/aviso-legal\\\/#breadcrumb\",\"itemListElement\":[{\"@type\":\"ListItem\",\"position\":1,\"name\":\"Portada\",\"item\":\"https:\\\/\\\/creanovaschool.com\\\/\"},{\"@type\":\"ListItem\",\"position\":2,\"name\":\"Aviso legal\"}]},{\"@type\":\"WebSite\",\"@id\":\"https:\\\/\\\/creanovaschool.com\\\/#website\",\"url\":\"https:\\\/\\\/creanovaschool.com\\\/\",\"name\":\"CreaNova School\",\"description\":\"Learning by doing private school in Barcelona\",\"publisher\":{\"@id\":\"https:\\\/\\\/creanovaschool.com\\\/#organization\"},\"potentialAction\":[{\"@type\":\"SearchAction\",\"target\":{\"@type\":\"EntryPoint\",\"urlTemplate\":\"https:\\\/\\\/creanovaschool.com\\\/?s={search_term_string}\"},\"query-input\":{\"@type\":\"PropertyValueSpecification\",\"valueRequired\":true,\"valueName\":\"search_term_string\"}}],\"inLanguage\":\"ca\"},{\"@type\":\"Organization\",\"@id\":\"https:\\\/\\\/creanovaschool.com\\\/#organization\",\"name\":\"CreaNova School\",\"url\":\"https:\\\/\\\/creanovaschool.com\\\/\",\"logo\":{\"@type\":\"ImageObject\",\"inLanguage\":\"ca\",\"@id\":\"https:\\\/\\\/creanovaschool.com\\\/#\\\/schema\\\/logo\\\/image\\\/\",\"url\":\"https:\\\/\\\/creanovaschool.com\\\/wp-content\\\/uploads\\\/2024\\\/07\\\/Logo_Creanova_claim.png\",\"contentUrl\":\"https:\\\/\\\/creanovaschool.com\\\/wp-content\\\/uploads\\\/2024\\\/07\\\/Logo_Creanova_claim.png\",\"width\":2909,\"height\":960,\"caption\":\"CreaNova School\"},\"image\":{\"@id\":\"https:\\\/\\\/creanovaschool.com\\\/#\\\/schema\\\/logo\\\/image\\\/\"},\"sameAs\":[\"https:\\\/\\\/www.facebook.com\\\/collegi.creanova\",\"https:\\\/\\\/x.com\\\/CollegiCreaNova\",\"https:\\\/\\\/www.instagram.com\\\/collegicreanova\\\/\",\"https:\\\/\\\/www.pinterest.com\\\/collegiCreaNova\\\/\",\"https:\\\/\\\/www.youtube.com\\\/channel\\\/UCNAWIuULmSWS1gnVCYmnIIw\"]}]}<\/script>\n<!-- \/ Yoast SEO plugin. -->","yoast_head_json":{"title":"Av\u00eds legal - CreaNova School","robots":{"index":"index","follow":"follow","max-snippet":"max-snippet:-1","max-image-preview":"max-image-preview:large","max-video-preview":"max-video-preview:-1"},"canonical":"https:\/\/creanovaschool.com\/ca\/aviso-legal\/","og_locale":"ca_ES","og_type":"article","og_title":"Aviso legal - CreaNova School","og_description":"AVISO LEGAL NOVACREANOVA 23, S.L. (en adelante \u201cla empresa\u201d), con domicilio en CARRETERA DE RUBI, 90, 08174, SANTCUGAT DEL VALL\u00c8S ( BARCELONA), y con CIF B44775104, inscrita en el Registro Mercantil de Barcelona, N\u00ba Protocolo 239\/2023, Inscripci\u00f3n 1\u00aa, Hoja B-591995, Folio 110, Tomo 48668, de la Secci\u00f3n General de Sociedades. INFORMA:La utilizaci\u00f3n del nombre de [&hellip;]","og_url":"https:\/\/creanovaschool.com\/ca\/aviso-legal\/","og_site_name":"CreaNova School","article_publisher":"https:\/\/www.facebook.com\/collegi.creanova","article_modified_time":"2024-11-15T11:54:37+00:00","twitter_card":"summary_large_image","twitter_site":"@CollegiCreaNova","twitter_misc":{"Temps estimat de lectura":"10 minuts"},"schema":{"@context":"https:\/\/schema.org","@graph":[{"@type":"WebPage","@id":"https:\/\/creanovaschool.com\/aviso-legal\/","url":"https:\/\/creanovaschool.com\/aviso-legal\/","name":"Av\u00eds legal - CreaNova School","isPartOf":{"@id":"https:\/\/creanovaschool.com\/#website"},"datePublished":"2023-10-09T08:51:26+00:00","dateModified":"2024-11-15T11:54:37+00:00","breadcrumb":{"@id":"https:\/\/creanovaschool.com\/aviso-legal\/#breadcrumb"},"inLanguage":"ca","potentialAction":[{"@type":"ReadAction","target":["https:\/\/creanovaschool.com\/aviso-legal\/"]}]},{"@type":"BreadcrumbList","@id":"https:\/\/creanovaschool.com\/aviso-legal\/#breadcrumb","itemListElement":[{"@type":"ListItem","position":1,"name":"Portada","item":"https:\/\/creanovaschool.com\/"},{"@type":"ListItem","position":2,"name":"Aviso legal"}]},{"@type":"WebSite","@id":"https:\/\/creanovaschool.com\/#website","url":"https:\/\/creanovaschool.com\/","name":"CreaNova School","description":"Learning by doing private school in Barcelona","publisher":{"@id":"https:\/\/creanovaschool.com\/#organization"},"potentialAction":[{"@type":"SearchAction","target":{"@type":"EntryPoint","urlTemplate":"https:\/\/creanovaschool.com\/?s={search_term_string}"},"query-input":{"@type":"PropertyValueSpecification","valueRequired":true,"valueName":"search_term_string"}}],"inLanguage":"ca"},{"@type":"Organization","@id":"https:\/\/creanovaschool.com\/#organization","name":"CreaNova School","url":"https:\/\/creanovaschool.com\/","logo":{"@type":"ImageObject","inLanguage":"ca","@id":"https:\/\/creanovaschool.com\/#\/schema\/logo\/image\/","url":"https:\/\/creanovaschool.com\/wp-content\/uploads\/2024\/07\/Logo_Creanova_claim.png","contentUrl":"https:\/\/creanovaschool.com\/wp-content\/uploads\/2024\/07\/Logo_Creanova_claim.png","width":2909,"height":960,"caption":"CreaNova School"},"image":{"@id":"https:\/\/creanovaschool.com\/#\/schema\/logo\/image\/"},"sameAs":["https:\/\/www.facebook.com\/collegi.creanova","https:\/\/x.com\/CollegiCreaNova","https:\/\/www.instagram.com\/collegicreanova\/","https:\/\/www.pinterest.com\/collegiCreaNova\/","https:\/\/www.youtube.com\/channel\/UCNAWIuULmSWS1gnVCYmnIIw"]}]}},"_links":{"self":[{"href":"https:\/\/creanovaschool.com\/ca\/wp-json\/wp\/v2\/pages\/18960","targetHints":{"allow":["GET"]}}],"collection":[{"href":"https:\/\/creanovaschool.com\/ca\/wp-json\/wp\/v2\/pages"}],"about":[{"href":"https:\/\/creanovaschool.com\/ca\/wp-json\/wp\/v2\/types\/page"}],"author":[{"embeddable":true,"href":"https:\/\/creanovaschool.com\/ca\/wp-json\/wp\/v2\/users\/3"}],"replies":[{"embeddable":true,"href":"https:\/\/creanovaschool.com\/ca\/wp-json\/wp\/v2\/comments?post=18960"}],"version-history":[{"count":7,"href":"https:\/\/creanovaschool.com\/ca\/wp-json\/wp\/v2\/pages\/18960\/revisions"}],"predecessor-version":[{"id":23676,"href":"https:\/\/creanovaschool.com\/ca\/wp-json\/wp\/v2\/pages\/18960\/revisions\/23676"}],"wp:attachment":[{"href":"https:\/\/creanovaschool.com\/ca\/wp-json\/wp\/v2\/media?parent=18960"}],"curies":[{"name":"wp","href":"https:\/\/api.w.org\/{rel}","templated":true}]}}