{"id":18975,"date":"2023-10-09T10:24:55","date_gmt":"2023-10-09T10:24:55","guid":{"rendered":"https:\/\/creanovaschool.com\/politica-de-cookies\/"},"modified":"2024-11-15T11:35:00","modified_gmt":"2024-11-15T10:35:00","slug":"politica-de-cookies","status":"publish","type":"page","link":"https:\/\/creanovaschool.com\/ca\/politica-de-cookies\/","title":{"rendered":"Pol\u00edtica de Cookies"},"content":{"rendered":"<h2><strong>Pol\u00edtica de Cookies<\/strong><\/h2>\n<p><strong>DEFINICI\u00d3 I FUNCIONS DE LES COOKIES<\/strong><\/p>\n<p><span style=\"font-weight: 400;\">Una galeta \u00e9s un fitxer que es descarreguen al vostre ordinador en accedir a determinades p\u00e0gines web. Les galetes permeten a una p\u00e0gina web, entre altres coses, emmagatzemar i recuperar informaci\u00f3 sobre els h\u00e0bits de navegaci\u00f3 d&#039;un usuari o del seu equip i, depenent de la informaci\u00f3 que continguin i de la manera com utilitzi el seu equip, es poden utilitzar per recon\u00e8ixer a l&#039;usuari.<\/span><\/p>\n<p>\u00a0<\/p>\n<p><strong>QUIN TIPUS DE COOKIES UTILITZA AQUESTA P\u00c0GINA WEB?<\/strong><\/p>\n<ol>\n<li><span style=\"font-weight: 400;\"><strong>Cookies de personalitzaci\u00f3:<\/strong> Permeten a l&#039;usuari accedir al servei amb algunes caracter\u00edstiques de car\u00e0cter general predefinides en funci\u00f3 d&#039;una s\u00e8rie de criteris al terminal de l&#039;usuari com ara l&#039;idioma, el tipus de navegador a trav\u00e9s del qual accedeix al servei, la configuraci\u00f3 regional des d&#039;on accedeix al servei, etc.<\/span><\/li>\n<li><span style=\"font-weight: 400;\"><strong>Galetes d&#039;an\u00e0lisi:<\/strong> Permeten el seguiment i an\u00e0lisi del comportament dels usuaris dels llocs web a qu\u00e8 estan vinculades. La informaci\u00f3 recollida s&#039;utilitza en el mesurament de l&#039;activitat de la nostra p\u00e0gina web i per a l&#039;elaboraci\u00f3 de perfils de navegaci\u00f3 dels usuaris per introduir millores en funci\u00f3 de l&#039;an\u00e0lisi de les dades d&#039;\u00fas que fan els usuaris del servei.<br \/><br \/><\/span><\/li>\n<\/ol>\n<table>\n<thead>\n<tr>\n<th>Cookie<\/th>\n<th>Domini<\/th>\n<th>Descripci\u00f3<\/th>\n<th>Durada<\/th>\n<th>Tipus<\/th>\n<\/tr>\n<\/thead>\n<tbody>\n<tr>\n<td>Google Analytics<\/td>\n<td>creanovaschool.com<\/td>\n<td>Aquesta galeta es crea per distingir usuaris i sessions. La galeta es crea quan s&#039;executa la biblioteca de JavaScript i no hi ha galetes __utma existents. S&#039;actualitza cada vegada que s&#039;envien dades a Google Analytics.<\/td>\n<td>1 any 1 mes 4 dies<\/td>\n<td>Anal\u00edtica<\/td>\n<\/tr>\n<tr>\n<td>Google Analytics<\/td>\n<td>creanovaschool.com<\/td>\n<td>Google Analytics estableix aquesta galeta per habilitar la interoperabilitat amb urchin.js, una versi\u00f3 anterior de Google Analytics, i s&#039;utilitza juntament amb la galeta __utmb per determinar noves sessions\/visites. Se suprimeix quan l&#039;usuari tanca el navegador.<\/td>\n<td>Sessi\u00f3<\/td>\n<td>Anal\u00edtica<\/td>\n<\/tr>\n<tr>\n<td>Google Analytics<\/td>\n<td>creanovaschool.com<\/td>\n<td>Google Analytics estableix aquesta galeta per emmagatzemar la font de tr\u00e0nsit o la campanya per la qual el visitant va arribar al lloc.<\/td>\n<td>6 mesos<\/td>\n<td>Anal\u00edtica<\/td>\n<\/tr>\n<tr>\n<td>Google Analytics<\/td>\n<td>creanovaschool.com<\/td>\n<td>Google Analytics estableix aquesta galeta per inhibir la taxa de sol\u00b7licitud.<\/td>\n<td>10 minuts<\/td>\n<td>Anal\u00edtica<\/td>\n<\/tr>\n<tr>\n<td>Google Analytics<\/td>\n<td>creanovaschool.com<\/td>\n<td>Google Analytics estableix aquesta galeta per determinar noves sessions\/visites. La galeta __utmb es crea quan s&#039;executa la biblioteca de JavaScript i no hi ha galetes __utma existents.<\/td>\n<td>30 minuts<\/td>\n<td>Anal\u00edtica<\/td>\n<\/tr>\n<\/tbody>\n<\/table>\n<p>\u00a0<\/p>\n<p><strong>BLOQUEJAR O ELIMINAR COOKIES<\/strong><\/p>\n<p>Podeu permetre, bloquejar o eliminar les cookies instal\u00b7lades al vostre equip mitjan\u00e7ant la configuraci\u00f3<br \/>de les opcions del navegador instal\u00b7lat al vostre ordinador.<\/p>\n<p>Per a m\u00e9s informaci\u00f3 sobre <strong>Chrome<\/strong> premi en <a href=\"https:\/\/support.google.com\/chrome\/answer\/95647?co=GENIE.Platform%3DDesktop&amp;hl=es\" target=\"_new\" rel=\"noopener\">aquest enlla\u00e7<\/a>.<br \/>Per a m\u00e9s informaci\u00f3 sobre <strong>Safari<\/strong>, feu clic a <a href=\"https:\/\/support.apple.com\/es-es\/guide\/safari\/sfri11471\/mac\" target=\"_new\" rel=\"noopener\">aquest enlla\u00e7<\/a>.<br \/>Per a m\u00e9s informaci\u00f3 sobre <strong>Firefox<\/strong>, feu clic a <a href=\"https:\/\/www.google.com\/url?sa=t&amp;rct=j&amp;q=&amp;esrc=s&amp;source=web&amp;cd=11&amp;ved=2ahUKEwiR-r64jJ7lAhX9A2MBHc33BCwQFjAKegQIAxAB&amp;url=https%3A%2F%2Fsupport.mozilla.org%2Fes%2Fkb%2Fhabilitar-y-deshabilitar-cookies-sitios-web-rastrear-preferencias&amp;usg=AOvVaw18VoYcKgwxNasUL7tU0WSG\" target=\"_new\" rel=\"noopener\">aquest enlla\u00e7<\/a>.<br \/>Per a m\u00e9s informaci\u00f3 sobre <strong>Internet Explorer<\/strong>, feu clic a <a href=\"https:\/\/support.microsoft.com\/es-es\/help\/278835\/how-to-delete-cookie-files-in-internet-explorer\" target=\"_new\" rel=\"noopener\">aquest enlla\u00e7<\/a>.<br \/>Per a m\u00e9s informaci\u00f3 sobre <strong>Microsoft Edge<\/strong>, feu clic a <a href=\"https:\/\/support.microsoft.com\/es-es\/help\/4468242\/microsoft-edge-browsing-data-and-privacy-microsoft-privacy\" target=\"_new\" rel=\"noopener\">aquest enlla\u00e7<\/a>.<br \/><br \/><br \/><\/p>\n\n\n<p><\/p>","protected":false},"excerpt":{"rendered":"<p>Pol\u00edtica de Cookies DEFINICI\u00d3N Y FUNCIONES DE LAS COOKIES Una cookie es un fichero que se descargan en su ordenador al acceder a determinadas p\u00e1ginas web. Las cookies permiten a una p\u00e1gina web, entre otras cosas, almacenar y recuperar informaci\u00f3n sobre los h\u00e1bitos de navegaci\u00f3n de un usuario o de su equipo y, dependiendo de [&hellip;]<\/p>\n","protected":false},"author":3,"featured_media":0,"parent":0,"menu_order":0,"comment_status":"closed","ping_status":"closed","template":"","meta":{"footnotes":""},"class_list":["post-18975","page","type-page","status-publish","hentry"],"yoast_head":"<!-- This site is optimized with the Yoast SEO plugin v27.3 - https:\/\/yoast.com\/product\/yoast-seo-wordpress\/ -->\n<title>Pol\u00edtica de Cookies - CreaNova School<\/title>\n<meta name=\"robots\" content=\"index, follow, max-snippet:-1, max-image-preview:large, max-video-preview:-1\" \/>\n<link rel=\"canonical\" href=\"https:\/\/creanovaschool.com\/ca\/politica-de-cookies\/\" \/>\n<meta property=\"og:locale\" content=\"ca_ES\" \/>\n<meta property=\"og:type\" content=\"article\" \/>\n<meta property=\"og:title\" content=\"Pol\u00edtica de Cookies - CreaNova School\" \/>\n<meta property=\"og:description\" content=\"Pol\u00edtica de Cookies DEFINICI\u00d3N Y FUNCIONES DE LAS COOKIES Una cookie es un fichero que se descargan en su ordenador al acceder a determinadas p\u00e1ginas web. Las cookies permiten a una p\u00e1gina web, entre otras cosas, almacenar y recuperar informaci\u00f3n sobre los h\u00e1bitos de navegaci\u00f3n de un usuario o de su equipo y, dependiendo de [&hellip;]\" \/>\n<meta property=\"og:url\" content=\"https:\/\/creanovaschool.com\/ca\/politica-de-cookies\/\" \/>\n<meta property=\"og:site_name\" content=\"CreaNova School\" \/>\n<meta property=\"article:publisher\" content=\"https:\/\/www.facebook.com\/collegi.creanova\" \/>\n<meta property=\"article:modified_time\" content=\"2024-11-15T10:35:00+00:00\" \/>\n<meta name=\"twitter:card\" content=\"summary_large_image\" \/>\n<meta name=\"twitter:site\" content=\"@CollegiCreaNova\" \/>\n<meta name=\"twitter:label1\" content=\"Temps estimat de lectura\" \/>\n\t<meta name=\"twitter:data1\" content=\"3 minuts\" \/>\n<script type=\"application\/ld+json\" class=\"yoast-schema-graph\">{\"@context\":\"https:\\\/\\\/schema.org\",\"@graph\":[{\"@type\":\"WebPage\",\"@id\":\"https:\\\/\\\/creanovaschool.com\\\/politica-de-cookies\\\/\",\"url\":\"https:\\\/\\\/creanovaschool.com\\\/politica-de-cookies\\\/\",\"name\":\"Pol\u00edtica de Cookies - CreaNova School\",\"isPartOf\":{\"@id\":\"https:\\\/\\\/creanovaschool.com\\\/#website\"},\"datePublished\":\"2023-10-09T10:24:55+00:00\",\"dateModified\":\"2024-11-15T10:35:00+00:00\",\"breadcrumb\":{\"@id\":\"https:\\\/\\\/creanovaschool.com\\\/politica-de-cookies\\\/#breadcrumb\"},\"inLanguage\":\"ca\",\"potentialAction\":[{\"@type\":\"ReadAction\",\"target\":[\"https:\\\/\\\/creanovaschool.com\\\/politica-de-cookies\\\/\"]}]},{\"@type\":\"BreadcrumbList\",\"@id\":\"https:\\\/\\\/creanovaschool.com\\\/politica-de-cookies\\\/#breadcrumb\",\"itemListElement\":[{\"@type\":\"ListItem\",\"position\":1,\"name\":\"Portada\",\"item\":\"https:\\\/\\\/creanovaschool.com\\\/\"},{\"@type\":\"ListItem\",\"position\":2,\"name\":\"Pol\u00edtica de Cookies\"}]},{\"@type\":\"WebSite\",\"@id\":\"https:\\\/\\\/creanovaschool.com\\\/#website\",\"url\":\"https:\\\/\\\/creanovaschool.com\\\/\",\"name\":\"CreaNova School\",\"description\":\"Learning by doing private school in Barcelona\",\"publisher\":{\"@id\":\"https:\\\/\\\/creanovaschool.com\\\/#organization\"},\"potentialAction\":[{\"@type\":\"SearchAction\",\"target\":{\"@type\":\"EntryPoint\",\"urlTemplate\":\"https:\\\/\\\/creanovaschool.com\\\/?s={search_term_string}\"},\"query-input\":{\"@type\":\"PropertyValueSpecification\",\"valueRequired\":true,\"valueName\":\"search_term_string\"}}],\"inLanguage\":\"ca\"},{\"@type\":\"Organization\",\"@id\":\"https:\\\/\\\/creanovaschool.com\\\/#organization\",\"name\":\"CreaNova School\",\"url\":\"https:\\\/\\\/creanovaschool.com\\\/\",\"logo\":{\"@type\":\"ImageObject\",\"inLanguage\":\"ca\",\"@id\":\"https:\\\/\\\/creanovaschool.com\\\/#\\\/schema\\\/logo\\\/image\\\/\",\"url\":\"https:\\\/\\\/creanovaschool.com\\\/wp-content\\\/uploads\\\/2024\\\/07\\\/Logo_Creanova_claim.png\",\"contentUrl\":\"https:\\\/\\\/creanovaschool.com\\\/wp-content\\\/uploads\\\/2024\\\/07\\\/Logo_Creanova_claim.png\",\"width\":2909,\"height\":960,\"caption\":\"CreaNova School\"},\"image\":{\"@id\":\"https:\\\/\\\/creanovaschool.com\\\/#\\\/schema\\\/logo\\\/image\\\/\"},\"sameAs\":[\"https:\\\/\\\/www.facebook.com\\\/collegi.creanova\",\"https:\\\/\\\/x.com\\\/CollegiCreaNova\",\"https:\\\/\\\/www.instagram.com\\\/collegicreanova\\\/\",\"https:\\\/\\\/www.pinterest.com\\\/collegiCreaNova\\\/\",\"https:\\\/\\\/www.youtube.com\\\/channel\\\/UCNAWIuULmSWS1gnVCYmnIIw\"]}]}<\/script>\n<!-- \/ Yoast SEO plugin. -->","yoast_head_json":{"title":"Pol\u00edtica de Cookies - CreaNova School","robots":{"index":"index","follow":"follow","max-snippet":"max-snippet:-1","max-image-preview":"max-image-preview:large","max-video-preview":"max-video-preview:-1"},"canonical":"https:\/\/creanovaschool.com\/ca\/politica-de-cookies\/","og_locale":"ca_ES","og_type":"article","og_title":"Pol\u00edtica de Cookies - CreaNova School","og_description":"Pol\u00edtica de Cookies DEFINICI\u00d3N Y FUNCIONES DE LAS COOKIES Una cookie es un fichero que se descargan en su ordenador al acceder a determinadas p\u00e1ginas web. Las cookies permiten a una p\u00e1gina web, entre otras cosas, almacenar y recuperar informaci\u00f3n sobre los h\u00e1bitos de navegaci\u00f3n de un usuario o de su equipo y, dependiendo de [&hellip;]","og_url":"https:\/\/creanovaschool.com\/ca\/politica-de-cookies\/","og_site_name":"CreaNova School","article_publisher":"https:\/\/www.facebook.com\/collegi.creanova","article_modified_time":"2024-11-15T10:35:00+00:00","twitter_card":"summary_large_image","twitter_site":"@CollegiCreaNova","twitter_misc":{"Temps estimat de lectura":"3 minuts"},"schema":{"@context":"https:\/\/schema.org","@graph":[{"@type":"WebPage","@id":"https:\/\/creanovaschool.com\/politica-de-cookies\/","url":"https:\/\/creanovaschool.com\/politica-de-cookies\/","name":"Pol\u00edtica de Cookies - CreaNova School","isPartOf":{"@id":"https:\/\/creanovaschool.com\/#website"},"datePublished":"2023-10-09T10:24:55+00:00","dateModified":"2024-11-15T10:35:00+00:00","breadcrumb":{"@id":"https:\/\/creanovaschool.com\/politica-de-cookies\/#breadcrumb"},"inLanguage":"ca","potentialAction":[{"@type":"ReadAction","target":["https:\/\/creanovaschool.com\/politica-de-cookies\/"]}]},{"@type":"BreadcrumbList","@id":"https:\/\/creanovaschool.com\/politica-de-cookies\/#breadcrumb","itemListElement":[{"@type":"ListItem","position":1,"name":"Portada","item":"https:\/\/creanovaschool.com\/"},{"@type":"ListItem","position":2,"name":"Pol\u00edtica de Cookies"}]},{"@type":"WebSite","@id":"https:\/\/creanovaschool.com\/#website","url":"https:\/\/creanovaschool.com\/","name":"CreaNova School","description":"Learning by doing private school in Barcelona","publisher":{"@id":"https:\/\/creanovaschool.com\/#organization"},"potentialAction":[{"@type":"SearchAction","target":{"@type":"EntryPoint","urlTemplate":"https:\/\/creanovaschool.com\/?s={search_term_string}"},"query-input":{"@type":"PropertyValueSpecification","valueRequired":true,"valueName":"search_term_string"}}],"inLanguage":"ca"},{"@type":"Organization","@id":"https:\/\/creanovaschool.com\/#organization","name":"CreaNova School","url":"https:\/\/creanovaschool.com\/","logo":{"@type":"ImageObject","inLanguage":"ca","@id":"https:\/\/creanovaschool.com\/#\/schema\/logo\/image\/","url":"https:\/\/creanovaschool.com\/wp-content\/uploads\/2024\/07\/Logo_Creanova_claim.png","contentUrl":"https:\/\/creanovaschool.com\/wp-content\/uploads\/2024\/07\/Logo_Creanova_claim.png","width":2909,"height":960,"caption":"CreaNova School"},"image":{"@id":"https:\/\/creanovaschool.com\/#\/schema\/logo\/image\/"},"sameAs":["https:\/\/www.facebook.com\/collegi.creanova","https:\/\/x.com\/CollegiCreaNova","https:\/\/www.instagram.com\/collegicreanova\/","https:\/\/www.pinterest.com\/collegiCreaNova\/","https:\/\/www.youtube.com\/channel\/UCNAWIuULmSWS1gnVCYmnIIw"]}]}},"_links":{"self":[{"href":"https:\/\/creanovaschool.com\/ca\/wp-json\/wp\/v2\/pages\/18975","targetHints":{"allow":["GET"]}}],"collection":[{"href":"https:\/\/creanovaschool.com\/ca\/wp-json\/wp\/v2\/pages"}],"about":[{"href":"https:\/\/creanovaschool.com\/ca\/wp-json\/wp\/v2\/types\/page"}],"author":[{"embeddable":true,"href":"https:\/\/creanovaschool.com\/ca\/wp-json\/wp\/v2\/users\/3"}],"replies":[{"embeddable":true,"href":"https:\/\/creanovaschool.com\/ca\/wp-json\/wp\/v2\/comments?post=18975"}],"version-history":[{"count":6,"href":"https:\/\/creanovaschool.com\/ca\/wp-json\/wp\/v2\/pages\/18975\/revisions"}],"predecessor-version":[{"id":23664,"href":"https:\/\/creanovaschool.com\/ca\/wp-json\/wp\/v2\/pages\/18975\/revisions\/23664"}],"wp:attachment":[{"href":"https:\/\/creanovaschool.com\/ca\/wp-json\/wp\/v2\/media?parent=18975"}],"curies":[{"name":"wp","href":"https:\/\/api.w.org\/{rel}","templated":true}]}}