{"id":20736,"date":"2024-07-30T12:56:30","date_gmt":"2024-07-30T11:56:30","guid":{"rendered":"https:\/\/creanovaschool.com\/?page_id=20736"},"modified":"2024-12-02T15:02:00","modified_gmt":"2024-12-02T14:02:00","slug":"preinscripcion","status":"publish","type":"page","link":"https:\/\/creanovaschool.com\/ca\/preinscripcion\/","title":{"rendered":"Preinscripci\u00f3"},"content":{"rendered":"<div data-elementor-type=\"wp-page\" data-elementor-id=\"20736\" class=\"elementor elementor-20736\" data-elementor-post-type=\"page\">\n\t\t\t\t\t\t<section class=\"elementor-section elementor-top-section elementor-element elementor-element-5d030ae elementor-section-height-min-height elementor-section-items-bottom elementor-section-content-middle elementor-section-boxed elementor-section-height-default\" data-id=\"5d030ae\" data-element_type=\"section\" data-e-type=\"section\" data-settings=\"{&quot;background_background&quot;:&quot;classic&quot;}\">\n\t\t\t\t\t\t\t<div class=\"elementor-background-overlay\"><\/div>\n\t\t\t\t\t\t\t<div class=\"elementor-container elementor-column-gap-default\">\n\t\t\t\t\t<div class=\"elementor-column elementor-col-100 elementor-top-column elementor-element elementor-element-686b0dc\" data-id=\"686b0dc\" data-element_type=\"column\" data-e-type=\"column\">\n\t\t\t<div class=\"elementor-widget-wrap elementor-element-populated\">\n\t\t\t\t\t\t<div class=\"elementor-element elementor-element-b230250 elementor-widget elementor-widget-image\" data-id=\"b230250\" data-element_type=\"widget\" data-e-type=\"widget\" data-widget_type=\"image.default\">\n\t\t\t\t<div class=\"elementor-widget-container\">\n\t\t\t\t\t\t\t\t\t\t\t\t\t\t\t<img fetchpriority=\"high\" decoding=\"async\" width=\"400\" height=\"226\" src=\"https:\/\/creanovaschool.com\/wp-content\/uploads\/2024\/07\/Logo_Creanova_negativo-1.png\" class=\"attachment-large size-large wp-image-20116\" alt=\"\" srcset=\"https:\/\/creanovaschool.com\/wp-content\/uploads\/2024\/07\/Logo_Creanova_negativo-1.png 400w, https:\/\/creanovaschool.com\/wp-content\/uploads\/2024\/07\/Logo_Creanova_negativo-1-300x170.png 300w\" sizes=\"(max-width: 400px) 100vw, 400px\" \/>\t\t\t\t\t\t\t\t\t\t\t\t\t\t\t<\/div>\n\t\t\t\t<\/div>\n\t\t\t\t\t<\/div>\n\t\t<\/div>\n\t\t\t\t\t<\/div>\n\t\t<\/section>\n\t\t\t\t<section class=\"elementor-section elementor-top-section elementor-element elementor-element-f007707 elementor-section-boxed elementor-section-height-default elementor-section-height-default\" data-id=\"f007707\" data-element_type=\"section\" data-e-type=\"section\">\n\t\t\t\t\t\t<div class=\"elementor-container elementor-column-gap-default\">\n\t\t\t\t\t<div class=\"elementor-column elementor-col-100 elementor-top-column elementor-element elementor-element-cec29e8\" data-id=\"cec29e8\" data-element_type=\"column\" data-e-type=\"column\">\n\t\t\t<div class=\"elementor-widget-wrap elementor-element-populated\">\n\t\t\t\t\t\t<div class=\"elementor-element elementor-element-4d5c52e elementor-widget elementor-widget-image\" data-id=\"4d5c52e\" data-element_type=\"widget\" data-e-type=\"widget\" data-widget_type=\"image.default\">\n\t\t\t\t<div class=\"elementor-widget-container\">\n\t\t\t\t\t\t\t\t\t\t\t\t\t\t\t<img decoding=\"async\" width=\"800\" height=\"266\" src=\"https:\/\/creanovaschool.com\/wp-content\/uploads\/2024\/08\/Mesa-de-trabajo-93-copia-10.svg\" class=\"attachment-large size-large wp-image-20952\" alt=\"\" \/>\t\t\t\t\t\t\t\t\t\t\t\t\t\t\t<\/div>\n\t\t\t\t<\/div>\n\t\t\t\t<div class=\"elementor-element elementor-element-c5292e8 elementor-widget elementor-widget-heading\" data-id=\"c5292e8\" data-element_type=\"widget\" data-e-type=\"widget\" data-widget_type=\"heading.default\">\n\t\t\t\t<div class=\"elementor-widget-container\">\n\t\t\t\t\t<h1 class=\"elementor-heading-title elementor-size-default\">Matricula&#039;s a CreaNova<\/h1>\t\t\t\t<\/div>\n\t\t\t\t<\/div>\n\t\t\t\t<div class=\"elementor-element elementor-element-5cfac5a elementor-widget__width-initial elementor-widget-mobile__width-inherit elementor-widget elementor-widget-heading\" data-id=\"5cfac5a\" data-element_type=\"widget\" data-e-type=\"widget\" data-widget_type=\"heading.default\">\n\t\t\t\t<div class=\"elementor-widget-container\">\n\t\t\t\t\t<h5 class=\"elementor-heading-title elementor-size-default\">Omple el seg\u00fcent formulari, posa&#039;t en contacte per a qualsevol dubte<\/h5>\t\t\t\t<\/div>\n\t\t\t\t<\/div>\n\t\t\t\t\t<\/div>\n\t\t<\/div>\n\t\t\t\t\t<\/div>\n\t\t<\/section>\n\t\t\t\t<section class=\"elementor-section elementor-top-section elementor-element elementor-element-eed4b9c elementor-section-boxed elementor-section-height-default elementor-section-height-default\" data-id=\"eed4b9c\" data-element_type=\"section\" data-e-type=\"section\">\n\t\t\t\t\t\t<div class=\"elementor-container elementor-column-gap-default\">\n\t\t\t\t\t<div class=\"elementor-column elementor-col-100 elementor-top-column elementor-element elementor-element-6a2ceda\" data-id=\"6a2ceda\" data-element_type=\"column\" data-e-type=\"column\">\n\t\t\t<div class=\"elementor-widget-wrap elementor-element-populated\">\n\t\t\t\t\t\t<div class=\"elementor-element elementor-element-10cd8e5 elementor-widget elementor-widget-shortcode\" data-id=\"10cd8e5\" data-element_type=\"widget\" data-e-type=\"widget\" data-widget_type=\"shortcode.default\">\n\t\t\t\t<div class=\"elementor-widget-container\">\n\t\t\t\t\t\t\t<div class=\"elementor-shortcode\">\n\n\n\n<iframe src=\"https:\/\/prod.creanovaschool.com\/ca_ES\/nueva-oportunidad-preinscripcion\" style=\"border:0px #ffffff none;\" name=\"myiFrame\" scrolling=\"no\" frameborder=\"1\" marginheight=\"0px\" marginwidth=\"0px\" height=\"1000px\" width=\"600px\" allowfullscreen><\/iframe>\n<\/div>\n\t\t\t\t\t\t<\/div>\n\t\t\t\t<\/div>\n\t\t\t\t\t<\/div>\n\t\t<\/div>\n\t\t\t\t\t<\/div>\n\t\t<\/section>\n\t\t\t\t<section class=\"elementor-section elementor-top-section elementor-element elementor-element-4a580e9 elementor-section-boxed elementor-section-height-default elementor-section-height-default\" data-id=\"4a580e9\" data-element_type=\"section\" data-e-type=\"section\">\n\t\t\t\t\t\t<div class=\"elementor-container elementor-column-gap-default\">\n\t\t\t\t\t<div class=\"elementor-column elementor-col-100 elementor-top-column elementor-element elementor-element-df548f0\" data-id=\"df548f0\" data-element_type=\"column\" data-e-type=\"column\">\n\t\t\t<div class=\"elementor-widget-wrap elementor-element-populated\">\n\t\t\t\t\t\t<div class=\"elementor-element elementor-element-d8b20f1 elementor-widget elementor-widget-text-editor\" data-id=\"d8b20f1\" data-element_type=\"widget\" data-e-type=\"widget\" data-widget_type=\"text-editor.default\">\n\t\t\t\t<div class=\"elementor-widget-container\">\n\t\t\t\t\t\t\t\t\t<p><strong>NOVACREANOVA 23, SL<\/strong> com a responsable del tractament, tractar\u00e0 les seves dades per tal de respondre a la seva sol\u00b7licitud, sent la base leg\u00edtima el seu consentiment. Els encarregats de tractament podran accedir a les vostres dades personals per al manteniment d&#039;aquesta p\u00e0gina web i\/o en els casos en qu\u00e8 hi hagi obligacions legals. Podreu exercir els drets que us assisteixen dirigint-vos a: veronica.mena@creanovaschool.com. Podeu tenir acc\u00e9s a informaci\u00f3 addicional sobre com tractem les vostres dades a la secci\u00f3 \u201cPol\u00edtica de Protecci\u00f3 de Dades\u201d, en aquesta mateixa p\u00e0gina web.<\/p>\t\t\t\t\t\t\t\t<\/div>\n\t\t\t\t<\/div>\n\t\t\t\t\t<\/div>\n\t\t<\/div>\n\t\t\t\t\t<\/div>\n\t\t<\/section>\n\t\t\t\t<\/div>","protected":false},"excerpt":{"rendered":"<p>Matriculase en CreaNova Rellena el siguiente formulario, ponte en contacto para cualquier duda NOVACREANOVA 23, S.L. como responsable del tratamiento, tratar\u00e1 sus datos con el fin de responder a su solicitud siendo la base leg\u00edtima su consentimiento. Los encargados de tratamiento podr\u00e1n acceder a sus datos personales para el mantenimiento de esta p\u00e1gina web y\/o [&hellip;]<\/p>\n","protected":false},"author":3,"featured_media":0,"parent":0,"menu_order":0,"comment_status":"closed","ping_status":"closed","template":"","meta":{"footnotes":""},"class_list":["post-20736","page","type-page","status-publish","hentry"],"yoast_head":"<!-- This site is optimized with the Yoast SEO plugin v27.3 - https:\/\/yoast.com\/product\/yoast-seo-wordpress\/ -->\n<title>Preinscripci\u00f3n - CreaNova School<\/title>\n<meta name=\"robots\" content=\"index, follow, max-snippet:-1, max-image-preview:large, max-video-preview:-1\" \/>\n<link rel=\"canonical\" href=\"https:\/\/creanovaschool.com\/ca\/preinscripcion\/\" \/>\n<meta property=\"og:locale\" content=\"ca_ES\" \/>\n<meta property=\"og:type\" content=\"article\" \/>\n<meta property=\"og:title\" content=\"Preinscripci\u00f3n - CreaNova School\" \/>\n<meta property=\"og:description\" content=\"Matriculase en CreaNova Rellena el siguiente formulario, ponte en contacto para cualquier duda NOVACREANOVA 23, S.L. como responsable del tratamiento, tratar\u00e1 sus datos con el fin de responder a su solicitud siendo la base leg\u00edtima su consentimiento. Los encargados de tratamiento podr\u00e1n acceder a sus datos personales para el mantenimiento de esta p\u00e1gina web y\/o [&hellip;]\" \/>\n<meta property=\"og:url\" content=\"https:\/\/creanovaschool.com\/ca\/preinscripcion\/\" \/>\n<meta property=\"og:site_name\" content=\"CreaNova School\" \/>\n<meta property=\"article:publisher\" content=\"https:\/\/www.facebook.com\/collegi.creanova\" \/>\n<meta property=\"article:modified_time\" content=\"2024-12-02T14:02:00+00:00\" \/>\n<meta property=\"og:image\" content=\"https:\/\/creanovaschool.com\/wp-content\/uploads\/2024\/07\/Logo_Creanova_negativo-1.png\" \/>\n\t<meta property=\"og:image:width\" content=\"400\" \/>\n\t<meta property=\"og:image:height\" content=\"226\" \/>\n\t<meta property=\"og:image:type\" content=\"image\/png\" \/>\n<meta name=\"twitter:card\" content=\"summary_large_image\" \/>\n<meta name=\"twitter:site\" content=\"@CollegiCreaNova\" \/>\n<meta name=\"twitter:label1\" content=\"Temps estimat de lectura\" \/>\n\t<meta name=\"twitter:data1\" content=\"1 minut\" \/>\n<script type=\"application\/ld+json\" class=\"yoast-schema-graph\">{\"@context\":\"https:\\\/\\\/schema.org\",\"@graph\":[{\"@type\":\"WebPage\",\"@id\":\"https:\\\/\\\/creanovaschool.com\\\/preinscripcion\\\/\",\"url\":\"https:\\\/\\\/creanovaschool.com\\\/preinscripcion\\\/\",\"name\":\"Preinscripci\u00f3n - CreaNova School\",\"isPartOf\":{\"@id\":\"https:\\\/\\\/creanovaschool.com\\\/#website\"},\"primaryImageOfPage\":{\"@id\":\"https:\\\/\\\/creanovaschool.com\\\/preinscripcion\\\/#primaryimage\"},\"image\":{\"@id\":\"https:\\\/\\\/creanovaschool.com\\\/preinscripcion\\\/#primaryimage\"},\"thumbnailUrl\":\"https:\\\/\\\/creanovaschool.com\\\/wp-content\\\/uploads\\\/2024\\\/07\\\/Logo_Creanova_negativo-1.png\",\"datePublished\":\"2024-07-30T11:56:30+00:00\",\"dateModified\":\"2024-12-02T14:02:00+00:00\",\"breadcrumb\":{\"@id\":\"https:\\\/\\\/creanovaschool.com\\\/preinscripcion\\\/#breadcrumb\"},\"inLanguage\":\"ca\",\"potentialAction\":[{\"@type\":\"ReadAction\",\"target\":[\"https:\\\/\\\/creanovaschool.com\\\/preinscripcion\\\/\"]}]},{\"@type\":\"ImageObject\",\"inLanguage\":\"ca\",\"@id\":\"https:\\\/\\\/creanovaschool.com\\\/preinscripcion\\\/#primaryimage\",\"url\":\"https:\\\/\\\/creanovaschool.com\\\/wp-content\\\/uploads\\\/2024\\\/07\\\/Logo_Creanova_negativo-1.png\",\"contentUrl\":\"https:\\\/\\\/creanovaschool.com\\\/wp-content\\\/uploads\\\/2024\\\/07\\\/Logo_Creanova_negativo-1.png\"},{\"@type\":\"BreadcrumbList\",\"@id\":\"https:\\\/\\\/creanovaschool.com\\\/preinscripcion\\\/#breadcrumb\",\"itemListElement\":[{\"@type\":\"ListItem\",\"position\":1,\"name\":\"Portada\",\"item\":\"https:\\\/\\\/creanovaschool.com\\\/\"},{\"@type\":\"ListItem\",\"position\":2,\"name\":\"Preinscripci\u00f3n\"}]},{\"@type\":\"WebSite\",\"@id\":\"https:\\\/\\\/creanovaschool.com\\\/#website\",\"url\":\"https:\\\/\\\/creanovaschool.com\\\/\",\"name\":\"CreaNova School\",\"description\":\"Learning by doing private school in Barcelona\",\"publisher\":{\"@id\":\"https:\\\/\\\/creanovaschool.com\\\/#organization\"},\"potentialAction\":[{\"@type\":\"SearchAction\",\"target\":{\"@type\":\"EntryPoint\",\"urlTemplate\":\"https:\\\/\\\/creanovaschool.com\\\/?s={search_term_string}\"},\"query-input\":{\"@type\":\"PropertyValueSpecification\",\"valueRequired\":true,\"valueName\":\"search_term_string\"}}],\"inLanguage\":\"ca\"},{\"@type\":\"Organization\",\"@id\":\"https:\\\/\\\/creanovaschool.com\\\/#organization\",\"name\":\"CreaNova School\",\"url\":\"https:\\\/\\\/creanovaschool.com\\\/\",\"logo\":{\"@type\":\"ImageObject\",\"inLanguage\":\"ca\",\"@id\":\"https:\\\/\\\/creanovaschool.com\\\/#\\\/schema\\\/logo\\\/image\\\/\",\"url\":\"https:\\\/\\\/creanovaschool.com\\\/wp-content\\\/uploads\\\/2024\\\/07\\\/Logo_Creanova_claim.png\",\"contentUrl\":\"https:\\\/\\\/creanovaschool.com\\\/wp-content\\\/uploads\\\/2024\\\/07\\\/Logo_Creanova_claim.png\",\"width\":2909,\"height\":960,\"caption\":\"CreaNova School\"},\"image\":{\"@id\":\"https:\\\/\\\/creanovaschool.com\\\/#\\\/schema\\\/logo\\\/image\\\/\"},\"sameAs\":[\"https:\\\/\\\/www.facebook.com\\\/collegi.creanova\",\"https:\\\/\\\/x.com\\\/CollegiCreaNova\",\"https:\\\/\\\/www.instagram.com\\\/collegicreanova\\\/\",\"https:\\\/\\\/www.pinterest.com\\\/collegiCreaNova\\\/\",\"https:\\\/\\\/www.youtube.com\\\/channel\\\/UCNAWIuULmSWS1gnVCYmnIIw\"]}]}<\/script>\n<!-- \/ Yoast SEO plugin. -->","yoast_head_json":{"title":"Preinscripci\u00f3 - CreaNova School","robots":{"index":"index","follow":"follow","max-snippet":"max-snippet:-1","max-image-preview":"max-image-preview:large","max-video-preview":"max-video-preview:-1"},"canonical":"https:\/\/creanovaschool.com\/ca\/preinscripcion\/","og_locale":"ca_ES","og_type":"article","og_title":"Preinscripci\u00f3n - CreaNova School","og_description":"Matriculase en CreaNova Rellena el siguiente formulario, ponte en contacto para cualquier duda NOVACREANOVA 23, S.L. como responsable del tratamiento, tratar\u00e1 sus datos con el fin de responder a su solicitud siendo la base leg\u00edtima su consentimiento. Los encargados de tratamiento podr\u00e1n acceder a sus datos personales para el mantenimiento de esta p\u00e1gina web y\/o [&hellip;]","og_url":"https:\/\/creanovaschool.com\/ca\/preinscripcion\/","og_site_name":"CreaNova School","article_publisher":"https:\/\/www.facebook.com\/collegi.creanova","article_modified_time":"2024-12-02T14:02:00+00:00","og_image":[{"width":400,"height":226,"url":"https:\/\/creanovaschool.com\/wp-content\/uploads\/2024\/07\/Logo_Creanova_negativo-1.png","type":"image\/png"}],"twitter_card":"summary_large_image","twitter_site":"@CollegiCreaNova","twitter_misc":{"Temps estimat de lectura":"1 minut"},"schema":{"@context":"https:\/\/schema.org","@graph":[{"@type":"WebPage","@id":"https:\/\/creanovaschool.com\/preinscripcion\/","url":"https:\/\/creanovaschool.com\/preinscripcion\/","name":"Preinscripci\u00f3 - CreaNova School","isPartOf":{"@id":"https:\/\/creanovaschool.com\/#website"},"primaryImageOfPage":{"@id":"https:\/\/creanovaschool.com\/preinscripcion\/#primaryimage"},"image":{"@id":"https:\/\/creanovaschool.com\/preinscripcion\/#primaryimage"},"thumbnailUrl":"https:\/\/creanovaschool.com\/wp-content\/uploads\/2024\/07\/Logo_Creanova_negativo-1.png","datePublished":"2024-07-30T11:56:30+00:00","dateModified":"2024-12-02T14:02:00+00:00","breadcrumb":{"@id":"https:\/\/creanovaschool.com\/preinscripcion\/#breadcrumb"},"inLanguage":"ca","potentialAction":[{"@type":"ReadAction","target":["https:\/\/creanovaschool.com\/preinscripcion\/"]}]},{"@type":"ImageObject","inLanguage":"ca","@id":"https:\/\/creanovaschool.com\/preinscripcion\/#primaryimage","url":"https:\/\/creanovaschool.com\/wp-content\/uploads\/2024\/07\/Logo_Creanova_negativo-1.png","contentUrl":"https:\/\/creanovaschool.com\/wp-content\/uploads\/2024\/07\/Logo_Creanova_negativo-1.png"},{"@type":"BreadcrumbList","@id":"https:\/\/creanovaschool.com\/preinscripcion\/#breadcrumb","itemListElement":[{"@type":"ListItem","position":1,"name":"Portada","item":"https:\/\/creanovaschool.com\/"},{"@type":"ListItem","position":2,"name":"Preinscripci\u00f3n"}]},{"@type":"WebSite","@id":"https:\/\/creanovaschool.com\/#website","url":"https:\/\/creanovaschool.com\/","name":"CreaNova School","description":"Learning by doing private school in Barcelona","publisher":{"@id":"https:\/\/creanovaschool.com\/#organization"},"potentialAction":[{"@type":"SearchAction","target":{"@type":"EntryPoint","urlTemplate":"https:\/\/creanovaschool.com\/?s={search_term_string}"},"query-input":{"@type":"PropertyValueSpecification","valueRequired":true,"valueName":"search_term_string"}}],"inLanguage":"ca"},{"@type":"Organization","@id":"https:\/\/creanovaschool.com\/#organization","name":"CreaNova School","url":"https:\/\/creanovaschool.com\/","logo":{"@type":"ImageObject","inLanguage":"ca","@id":"https:\/\/creanovaschool.com\/#\/schema\/logo\/image\/","url":"https:\/\/creanovaschool.com\/wp-content\/uploads\/2024\/07\/Logo_Creanova_claim.png","contentUrl":"https:\/\/creanovaschool.com\/wp-content\/uploads\/2024\/07\/Logo_Creanova_claim.png","width":2909,"height":960,"caption":"CreaNova School"},"image":{"@id":"https:\/\/creanovaschool.com\/#\/schema\/logo\/image\/"},"sameAs":["https:\/\/www.facebook.com\/collegi.creanova","https:\/\/x.com\/CollegiCreaNova","https:\/\/www.instagram.com\/collegicreanova\/","https:\/\/www.pinterest.com\/collegiCreaNova\/","https:\/\/www.youtube.com\/channel\/UCNAWIuULmSWS1gnVCYmnIIw"]}]}},"_links":{"self":[{"href":"https:\/\/creanovaschool.com\/ca\/wp-json\/wp\/v2\/pages\/20736","targetHints":{"allow":["GET"]}}],"collection":[{"href":"https:\/\/creanovaschool.com\/ca\/wp-json\/wp\/v2\/pages"}],"about":[{"href":"https:\/\/creanovaschool.com\/ca\/wp-json\/wp\/v2\/types\/page"}],"author":[{"embeddable":true,"href":"https:\/\/creanovaschool.com\/ca\/wp-json\/wp\/v2\/users\/3"}],"replies":[{"embeddable":true,"href":"https:\/\/creanovaschool.com\/ca\/wp-json\/wp\/v2\/comments?post=20736"}],"version-history":[{"count":16,"href":"https:\/\/creanovaschool.com\/ca\/wp-json\/wp\/v2\/pages\/20736\/revisions"}],"predecessor-version":[{"id":23974,"href":"https:\/\/creanovaschool.com\/ca\/wp-json\/wp\/v2\/pages\/20736\/revisions\/23974"}],"wp:attachment":[{"href":"https:\/\/creanovaschool.com\/ca\/wp-json\/wp\/v2\/media?parent=20736"}],"curies":[{"name":"wp","href":"https:\/\/api.w.org\/{rel}","templated":true}]}}