{"id":22168,"date":"2024-09-23T10:53:50","date_gmt":"2024-09-23T09:53:50","guid":{"rendered":"https:\/\/creanovaschool.com\/?page_id=22168"},"modified":"2025-03-07T10:51:22","modified_gmt":"2025-03-07T09:51:22","slug":"deportes","status":"publish","type":"page","link":"https:\/\/creanovaschool.com\/ca\/deportes\/","title":{"rendered":"Esports"},"content":{"rendered":"<div data-elementor-type=\"wp-page\" data-elementor-id=\"22168\" class=\"elementor elementor-22168\" data-elementor-post-type=\"page\">\n\t\t\t\t\t\t<section class=\"elementor-section elementor-top-section elementor-element elementor-element-9d22b92 elementor-section-height-min-height elementor-section-items-bottom elementor-section-content-middle elementor-section-boxed elementor-section-height-default\" data-id=\"9d22b92\" data-element_type=\"section\" data-e-type=\"section\" data-settings=\"{&quot;background_background&quot;:&quot;classic&quot;}\">\n\t\t\t\t\t\t\t<div class=\"elementor-background-overlay\"><\/div>\n\t\t\t\t\t\t\t<div class=\"elementor-container elementor-column-gap-default\">\n\t\t\t\t\t<div class=\"elementor-column elementor-col-100 elementor-top-column elementor-element elementor-element-e059f79\" data-id=\"e059f79\" data-element_type=\"column\" data-e-type=\"column\">\n\t\t\t<div class=\"elementor-widget-wrap elementor-element-populated\">\n\t\t\t\t\t\t<div class=\"elementor-element elementor-element-ab9711a elementor-widget elementor-widget-image\" data-id=\"ab9711a\" data-element_type=\"widget\" data-e-type=\"widget\" data-widget_type=\"image.default\">\n\t\t\t\t<div class=\"elementor-widget-container\">\n\t\t\t\t\t\t\t\t\t\t\t\t\t\t\t<img fetchpriority=\"high\" decoding=\"async\" width=\"400\" height=\"226\" src=\"https:\/\/creanovaschool.com\/wp-content\/uploads\/2024\/07\/Logo_Creanova_negativo-1.png\" class=\"attachment-large size-large wp-image-20116\" alt=\"\" srcset=\"https:\/\/creanovaschool.com\/wp-content\/uploads\/2024\/07\/Logo_Creanova_negativo-1.png 400w, https:\/\/creanovaschool.com\/wp-content\/uploads\/2024\/07\/Logo_Creanova_negativo-1-300x170.png 300w\" sizes=\"(max-width: 400px) 100vw, 400px\" \/>\t\t\t\t\t\t\t\t\t\t\t\t\t\t\t<\/div>\n\t\t\t\t<\/div>\n\t\t\t\t\t<\/div>\n\t\t<\/div>\n\t\t\t\t\t<\/div>\n\t\t<\/section>\n\t\t\t\t<section class=\"elementor-section elementor-top-section elementor-element elementor-element-a15ff61 elementor-section-boxed elementor-section-height-default elementor-section-height-default\" data-id=\"a15ff61\" data-element_type=\"section\" data-e-type=\"section\">\n\t\t\t\t\t\t<div class=\"elementor-container elementor-column-gap-default\">\n\t\t\t\t\t<div class=\"elementor-column elementor-col-100 elementor-top-column elementor-element elementor-element-622acdf\" data-id=\"622acdf\" data-element_type=\"column\" data-e-type=\"column\">\n\t\t\t<div class=\"elementor-widget-wrap elementor-element-populated\">\n\t\t\t\t\t\t<div class=\"elementor-element elementor-element-d914a43 elementor-widget elementor-widget-image\" data-id=\"d914a43\" data-element_type=\"widget\" data-e-type=\"widget\" data-widget_type=\"image.default\">\n\t\t\t\t<div class=\"elementor-widget-container\">\n\t\t\t\t\t\t\t\t\t\t\t\t\t\t\t<img decoding=\"async\" width=\"800\" height=\"266\" src=\"https:\/\/creanovaschool.com\/wp-content\/uploads\/2024\/08\/Mesa-de-trabajo-93-copia-10.svg\" class=\"attachment-large size-large wp-image-20952\" alt=\"\" \/>\t\t\t\t\t\t\t\t\t\t\t\t\t\t\t<\/div>\n\t\t\t\t<\/div>\n\t\t\t\t<div class=\"elementor-element elementor-element-23686b3 elementor-widget elementor-widget-heading\" data-id=\"23686b3\" data-element_type=\"widget\" data-e-type=\"widget\" data-widget_type=\"heading.default\">\n\t\t\t\t<div class=\"elementor-widget-container\">\n\t\t\t\t\t<h1 class=\"elementor-heading-title elementor-size-default\">Convenis amb clubs esportius<\/h1>\t\t\t\t<\/div>\n\t\t\t\t<\/div>\n\t\t\t\t<div class=\"elementor-element elementor-element-06ce0f7 elementor-widget__width-initial elementor-widget elementor-widget-text-editor\" data-id=\"06ce0f7\" data-element_type=\"widget\" data-e-type=\"widget\" data-widget_type=\"text-editor.default\">\n\t\t\t\t<div class=\"elementor-widget-container\">\n\t\t\t\t\t\t\t\t\t<p>L&#039;activitat f\u00edsica \u00e9s un pilar fonamental en el desenvolupament integral dels nens i les nenes, no nom\u00e9s perqu\u00e8 promou una vida saludable, sin\u00f3 perqu\u00e8 contribueix al benestar emocional, social i cognitiu. A <strong>CreaNova School<\/strong> entenem que aquesta assignatura \u00e9s clau per a l&#039;aprenentatge i, per aix\u00f2, oferim una educaci\u00f3 que integra de manera activa l&#039;esport al dia a dia dels nostres estudiants.<\/p>\t\t\t\t\t\t\t\t<\/div>\n\t\t\t\t<\/div>\n\t\t\t\t\t<\/div>\n\t\t<\/div>\n\t\t\t\t\t<\/div>\n\t\t<\/section>\n\t\t\t\t<section class=\"elementor-section elementor-top-section elementor-element elementor-element-4c4f461 elementor-section-boxed elementor-section-height-default elementor-section-height-default\" data-id=\"4c4f461\" data-element_type=\"section\" data-e-type=\"section\">\n\t\t\t\t\t\t<div class=\"elementor-container elementor-column-gap-default\">\n\t\t\t\t\t<div class=\"elementor-column elementor-col-50 elementor-top-column elementor-element elementor-element-0212c81\" data-id=\"0212c81\" data-element_type=\"column\" data-e-type=\"column\">\n\t\t\t<div class=\"elementor-widget-wrap elementor-element-populated\">\n\t\t\t\t\t\t<div class=\"elementor-element elementor-element-fd3d0a3 elementor-widget elementor-widget-image\" data-id=\"fd3d0a3\" data-element_type=\"widget\" data-e-type=\"widget\" data-widget_type=\"image.default\">\n\t\t\t\t<div class=\"elementor-widget-container\">\n\t\t\t\t\t\t\t\t\t\t\t\t\t\t\t<img decoding=\"async\" width=\"800\" height=\"266\" src=\"https:\/\/creanovaschool.com\/wp-content\/uploads\/2024\/08\/Mesa-de-trabajo-93-copia-8.svg\" class=\"attachment-large size-large wp-image-20950\" alt=\"CreaNova Forma 1\" \/>\t\t\t\t\t\t\t\t\t\t\t\t\t\t\t<\/div>\n\t\t\t\t<\/div>\n\t\t\t\t<div class=\"elementor-element elementor-element-b7fa1bf elementor-widget elementor-widget-heading\" data-id=\"b7fa1bf\" data-element_type=\"widget\" data-e-type=\"widget\" data-widget_type=\"heading.default\">\n\t\t\t\t<div class=\"elementor-widget-container\">\n\t\t\t\t\t<h2 class=\"elementor-heading-title elementor-size-default\">Club Junior de Sant Cugat<\/h2>\t\t\t\t<\/div>\n\t\t\t\t<\/div>\n\t\t\t\t<div class=\"elementor-element elementor-element-f717348 elementor-widget elementor-widget-text-editor\" data-id=\"f717348\" data-element_type=\"widget\" data-e-type=\"widget\" data-widget_type=\"text-editor.default\">\n\t\t\t\t<div class=\"elementor-widget-container\">\n\t\t\t\t\t\t\t\t\t<p>Gr\u00e0cies al conveni amb el <b>Club Junior de Sant Cugat<\/b>, ubicat a 100 metres de la nostra escola, els estudiants des de 1r d'ESO fins a Batxillerat gaudeixen de dues hores i mitja setmanals d'activitats f\u00edsiques en unes instal\u00b7lacions de primer nivell. En aquest espai, els alumnes tenen acc\u00e9s a la pista de futbol, les pistes de p\u00e0del, el sector poliesportiu i les piscines, cosa que els permet experimentar una gran varietat de disciplines esportives que fomenten la seva coordinaci\u00f3, treball en equip i capacitat de superaci\u00f3.<\/p><p>A m\u00e9s, els estudiants de Middle, espec\u00edficament els alumnes de 5\u00e8 i 6\u00e8 de prim\u00e0ria, duen a terme les seves activitats f\u00edsiques a les instal\u00b7lacions del Club J\u00fanior durant dues hores setmanals. Aquesta rutina d'activitat f\u00edsica \u00e9s essencial per al creixement, ja que contribueix al desenvolupament de les habilitats motores i afavoreix l'adquisici\u00f3 d'h\u00e0bits de vida activa i saludable.<\/p>\t\t\t\t\t\t\t\t<\/div>\n\t\t\t\t<\/div>\n\t\t\t\t\t<\/div>\n\t\t<\/div>\n\t\t\t\t<div class=\"elementor-column elementor-col-50 elementor-top-column elementor-element elementor-element-df666d6\" data-id=\"df666d6\" data-element_type=\"column\" data-e-type=\"column\">\n\t\t\t<div class=\"elementor-widget-wrap elementor-element-populated\">\n\t\t\t\t\t\t<div class=\"elementor-element elementor-element-b2631ec elementor-widget elementor-widget-image-carousel\" data-id=\"b2631ec\" data-element_type=\"widget\" data-e-type=\"widget\" data-settings=\"{&quot;slides_to_show&quot;:&quot;1&quot;,&quot;navigation&quot;:&quot;none&quot;,&quot;autoplay&quot;:&quot;yes&quot;,&quot;pause_on_hover&quot;:&quot;yes&quot;,&quot;pause_on_interaction&quot;:&quot;yes&quot;,&quot;autoplay_speed&quot;:5000,&quot;infinite&quot;:&quot;yes&quot;,&quot;effect&quot;:&quot;slide&quot;,&quot;speed&quot;:500}\" data-widget_type=\"image-carousel.default\">\n\t\t\t\t<div class=\"elementor-widget-container\">\n\t\t\t\t\t\t\t<div class=\"elementor-image-carousel-wrapper swiper\" role=\"region\" aria-roledescription=\"carousel\" aria-label=\"Carrusel d&#039;imatges\" dir=\"ltr\">\n\t\t\t<div class=\"elementor-image-carousel swiper-wrapper\" aria-live=\"off\">\n\t\t\t\t\t\t\t\t<div class=\"swiper-slide\" role=\"group\" aria-roledescription=\"slide\" aria-label=\"1 de 2\"><figure class=\"swiper-slide-inner\"><img decoding=\"async\" class=\"swiper-slide-image\" src=\"https:\/\/creanovaschool.com\/wp-content\/uploads\/2024\/09\/CJunior7_58.jpg\" alt=\"CJunior7_58\" \/><\/figure><\/div><div class=\"swiper-slide\" role=\"group\" aria-roledescription=\"slide\" aria-label=\"2 de 2\"><figure class=\"swiper-slide-inner\"><img decoding=\"async\" class=\"swiper-slide-image\" src=\"https:\/\/creanovaschool.com\/wp-content\/uploads\/2024\/09\/CJunior7_72.jpg\" alt=\"CJunior7_72\" \/><\/figure><\/div>\t\t\t<\/div>\n\t\t\t\t\t\t\t\n\t\t\t\t\t\t\t\t\t<\/div>\n\t\t\t\t\t\t<\/div>\n\t\t\t\t<\/div>\n\t\t\t\t\t<\/div>\n\t\t<\/div>\n\t\t\t\t\t<\/div>\n\t\t<\/section>\n\t\t\t\t<section class=\"elementor-section elementor-top-section elementor-element elementor-element-737a557 elementor-section-boxed elementor-section-height-default elementor-section-height-default\" data-id=\"737a557\" data-element_type=\"section\" data-e-type=\"section\">\n\t\t\t\t\t\t<div class=\"elementor-container elementor-column-gap-default\">\n\t\t\t\t\t<div class=\"elementor-column elementor-col-50 elementor-top-column elementor-element elementor-element-5d56ba0\" data-id=\"5d56ba0\" data-element_type=\"column\" data-e-type=\"column\">\n\t\t\t<div class=\"elementor-widget-wrap elementor-element-populated\">\n\t\t\t\t\t\t<div class=\"elementor-element elementor-element-f78403e elementor-widget elementor-widget-image-carousel\" data-id=\"f78403e\" data-element_type=\"widget\" data-e-type=\"widget\" data-settings=\"{&quot;slides_to_show&quot;:&quot;1&quot;,&quot;navigation&quot;:&quot;none&quot;,&quot;autoplay&quot;:&quot;yes&quot;,&quot;pause_on_hover&quot;:&quot;yes&quot;,&quot;pause_on_interaction&quot;:&quot;yes&quot;,&quot;autoplay_speed&quot;:5000,&quot;infinite&quot;:&quot;yes&quot;,&quot;effect&quot;:&quot;slide&quot;,&quot;speed&quot;:500}\" data-widget_type=\"image-carousel.default\">\n\t\t\t\t<div class=\"elementor-widget-container\">\n\t\t\t\t\t\t\t<div class=\"elementor-image-carousel-wrapper swiper\" role=\"region\" aria-roledescription=\"carousel\" aria-label=\"Carrusel d&#039;imatges\" dir=\"ltr\">\n\t\t\t<div class=\"elementor-image-carousel swiper-wrapper\" aria-live=\"off\">\n\t\t\t\t\t\t\t\t<div class=\"swiper-slide\" role=\"group\" aria-roledescription=\"slide\" aria-label=\"1 de 1\"><figure class=\"swiper-slide-inner\"><img decoding=\"async\" class=\"swiper-slide-image\" src=\"https:\/\/creanovaschool.com\/wp-content\/uploads\/2024\/09\/Piscina-petita-CNRubi.jpg\" alt=\"Piscina petita CNRub\u00ed\" \/><\/figure><\/div>\t\t\t<\/div>\n\t\t\t\t\t<\/div>\n\t\t\t\t\t\t<\/div>\n\t\t\t\t<\/div>\n\t\t\t\t\t<\/div>\n\t\t<\/div>\n\t\t\t\t<div class=\"elementor-column elementor-col-50 elementor-top-column elementor-element elementor-element-2290044\" data-id=\"2290044\" data-element_type=\"column\" data-e-type=\"column\">\n\t\t\t<div class=\"elementor-widget-wrap elementor-element-populated\">\n\t\t\t\t\t\t<div class=\"elementor-element elementor-element-05ce39e elementor-widget elementor-widget-image\" data-id=\"05ce39e\" data-element_type=\"widget\" data-e-type=\"widget\" data-widget_type=\"image.default\">\n\t\t\t\t<div class=\"elementor-widget-container\">\n\t\t\t\t\t\t\t\t\t\t\t\t\t\t\t<img loading=\"lazy\" decoding=\"async\" width=\"800\" height=\"266\" src=\"https:\/\/creanovaschool.com\/wp-content\/uploads\/2024\/08\/Mesa-de-trabajo-93-copia-12.svg\" class=\"attachment-large size-large wp-image-20953\" alt=\"\" \/>\t\t\t\t\t\t\t\t\t\t\t\t\t\t\t<\/div>\n\t\t\t\t<\/div>\n\t\t\t\t<div class=\"elementor-element elementor-element-077db93 elementor-widget elementor-widget-heading\" data-id=\"077db93\" data-element_type=\"widget\" data-e-type=\"widget\" data-widget_type=\"heading.default\">\n\t\t\t\t<div class=\"elementor-widget-container\">\n\t\t\t\t\t<h1 class=\"elementor-heading-title elementor-size-default\">Club Nataci\u00f3 Rub\u00ed<\/h1>\t\t\t\t<\/div>\n\t\t\t\t<\/div>\n\t\t\t\t<div class=\"elementor-element elementor-element-5b18dcf elementor-widget elementor-widget-text-editor\" data-id=\"5b18dcf\" data-element_type=\"widget\" data-e-type=\"widget\" data-widget_type=\"text-editor.default\">\n\t\t\t\t<div class=\"elementor-widget-container\">\n\t\t\t\t\t\t\t\t\t<p>D&#039;altra banda, els alumnes d&#039;educaci\u00f3 infantil fins a 4t de prim\u00e0ria participen en activitats aqu\u00e0tiques al <strong>Club Nataci\u00f3 Rub\u00ed<\/strong>. A trav\u00e9s de jocs, els nens no nom\u00e9s aprenen a con\u00e8ixer el medi aqu\u00e0tic, sin\u00f3 que tamb\u00e9 adquireixen t\u00e8cniques de nataci\u00f3, tot plegat sota la metodologia de CreaNova School.<\/p>\n<p>Aquesta activitat respecta el nivell maduratiu de cada nen, assegurant que cadasc\u00fa progressi al seu propi ritme, en un entorn de seguretat i confian\u00e7a. A m\u00e9s, s\u00f3n dirigides per professionals especialitzats en nataci\u00f3 esportiva i en el desenvolupament de nens petits, garantint una experi\u00e8ncia enriquidora i adaptada a les vostres necessitats.<\/p>\t\t\t\t\t\t\t\t<\/div>\n\t\t\t\t<\/div>\n\t\t\t\t\t<\/div>\n\t\t<\/div>\n\t\t\t\t\t<\/div>\n\t\t<\/section>\n\t\t\t\t<\/div>","protected":false},"excerpt":{"rendered":"<p>Convenios con clubes deportivos La actividad f\u00edsica es un pilar fundamental en el desarrollo integral de los ni\u00f1os y ni\u00f1as, no solo porque promueve una vida saludable, sino porque contribuye al bienestar emocional, social y cognitivo. En CreaNova School entendemos que esta asignatura es clave para el aprendizaje y, por ello, ofrecemos una educaci\u00f3n que [&hellip;]<\/p>\n","protected":false},"author":3,"featured_media":0,"parent":0,"menu_order":0,"comment_status":"closed","ping_status":"closed","template":"","meta":{"footnotes":""},"class_list":["post-22168","page","type-page","status-publish","hentry"],"yoast_head":"<!-- This site is optimized with the Yoast SEO plugin v27.5 - https:\/\/yoast.com\/product\/yoast-seo-wordpress\/ -->\n<title>Deportes - CreaNova School<\/title>\n<meta name=\"robots\" content=\"index, follow, max-snippet:-1, max-image-preview:large, max-video-preview:-1\" \/>\n<link rel=\"canonical\" href=\"https:\/\/creanovaschool.com\/ca\/deportes\/\" \/>\n<meta property=\"og:locale\" content=\"ca_ES\" \/>\n<meta property=\"og:type\" content=\"article\" \/>\n<meta property=\"og:title\" content=\"Deportes - CreaNova School\" \/>\n<meta property=\"og:description\" content=\"Convenios con clubes deportivos La actividad f\u00edsica es un pilar fundamental en el desarrollo integral de los ni\u00f1os y ni\u00f1as, no solo porque promueve una vida saludable, sino porque contribuye al bienestar emocional, social y cognitivo. En CreaNova School entendemos que esta asignatura es clave para el aprendizaje y, por ello, ofrecemos una educaci\u00f3n que [&hellip;]\" \/>\n<meta property=\"og:url\" content=\"https:\/\/creanovaschool.com\/ca\/deportes\/\" \/>\n<meta property=\"og:site_name\" content=\"CreaNova School\" \/>\n<meta property=\"article:publisher\" content=\"https:\/\/www.facebook.com\/collegi.creanova\" \/>\n<meta property=\"article:modified_time\" content=\"2025-03-07T09:51:22+00:00\" \/>\n<meta property=\"og:image\" content=\"https:\/\/creanovaschool.com\/wp-content\/uploads\/2024\/07\/Logo_Creanova_negativo-1.png\" \/>\n\t<meta property=\"og:image:width\" content=\"400\" \/>\n\t<meta property=\"og:image:height\" content=\"226\" \/>\n\t<meta property=\"og:image:type\" content=\"image\/png\" \/>\n<meta name=\"twitter:card\" content=\"summary_large_image\" \/>\n<meta name=\"twitter:site\" content=\"@CollegiCreaNova\" \/>\n<meta name=\"twitter:label1\" content=\"Temps estimat de lectura\" \/>\n\t<meta name=\"twitter:data1\" content=\"4 minuts\" \/>\n<script type=\"application\/ld+json\" class=\"yoast-schema-graph\">{\"@context\":\"https:\\\/\\\/schema.org\",\"@graph\":[{\"@type\":\"WebPage\",\"@id\":\"https:\\\/\\\/creanovaschool.com\\\/deportes\\\/\",\"url\":\"https:\\\/\\\/creanovaschool.com\\\/deportes\\\/\",\"name\":\"Deportes - CreaNova School\",\"isPartOf\":{\"@id\":\"https:\\\/\\\/creanovaschool.com\\\/#website\"},\"primaryImageOfPage\":{\"@id\":\"https:\\\/\\\/creanovaschool.com\\\/deportes\\\/#primaryimage\"},\"image\":{\"@id\":\"https:\\\/\\\/creanovaschool.com\\\/deportes\\\/#primaryimage\"},\"thumbnailUrl\":\"https:\\\/\\\/creanovaschool.com\\\/wp-content\\\/uploads\\\/2024\\\/07\\\/Logo_Creanova_negativo-1.png\",\"datePublished\":\"2024-09-23T09:53:50+00:00\",\"dateModified\":\"2025-03-07T09:51:22+00:00\",\"breadcrumb\":{\"@id\":\"https:\\\/\\\/creanovaschool.com\\\/deportes\\\/#breadcrumb\"},\"inLanguage\":\"ca\",\"potentialAction\":[{\"@type\":\"ReadAction\",\"target\":[\"https:\\\/\\\/creanovaschool.com\\\/deportes\\\/\"]}]},{\"@type\":\"ImageObject\",\"inLanguage\":\"ca\",\"@id\":\"https:\\\/\\\/creanovaschool.com\\\/deportes\\\/#primaryimage\",\"url\":\"https:\\\/\\\/creanovaschool.com\\\/wp-content\\\/uploads\\\/2024\\\/07\\\/Logo_Creanova_negativo-1.png\",\"contentUrl\":\"https:\\\/\\\/creanovaschool.com\\\/wp-content\\\/uploads\\\/2024\\\/07\\\/Logo_Creanova_negativo-1.png\"},{\"@type\":\"BreadcrumbList\",\"@id\":\"https:\\\/\\\/creanovaschool.com\\\/deportes\\\/#breadcrumb\",\"itemListElement\":[{\"@type\":\"ListItem\",\"position\":1,\"name\":\"Portada\",\"item\":\"https:\\\/\\\/creanovaschool.com\\\/\"},{\"@type\":\"ListItem\",\"position\":2,\"name\":\"Deportes\"}]},{\"@type\":\"WebSite\",\"@id\":\"https:\\\/\\\/creanovaschool.com\\\/#website\",\"url\":\"https:\\\/\\\/creanovaschool.com\\\/\",\"name\":\"CreaNova School\",\"description\":\"Learning by doing private school in Barcelona\",\"publisher\":{\"@id\":\"https:\\\/\\\/creanovaschool.com\\\/#organization\"},\"potentialAction\":[{\"@type\":\"SearchAction\",\"target\":{\"@type\":\"EntryPoint\",\"urlTemplate\":\"https:\\\/\\\/creanovaschool.com\\\/?s={search_term_string}\"},\"query-input\":{\"@type\":\"PropertyValueSpecification\",\"valueRequired\":true,\"valueName\":\"search_term_string\"}}],\"inLanguage\":\"ca\"},{\"@type\":\"Organization\",\"@id\":\"https:\\\/\\\/creanovaschool.com\\\/#organization\",\"name\":\"CreaNova School\",\"url\":\"https:\\\/\\\/creanovaschool.com\\\/\",\"logo\":{\"@type\":\"ImageObject\",\"inLanguage\":\"ca\",\"@id\":\"https:\\\/\\\/creanovaschool.com\\\/#\\\/schema\\\/logo\\\/image\\\/\",\"url\":\"https:\\\/\\\/creanovaschool.com\\\/wp-content\\\/uploads\\\/2024\\\/07\\\/Logo_Creanova_claim.png\",\"contentUrl\":\"https:\\\/\\\/creanovaschool.com\\\/wp-content\\\/uploads\\\/2024\\\/07\\\/Logo_Creanova_claim.png\",\"width\":2909,\"height\":960,\"caption\":\"CreaNova School\"},\"image\":{\"@id\":\"https:\\\/\\\/creanovaschool.com\\\/#\\\/schema\\\/logo\\\/image\\\/\"},\"sameAs\":[\"https:\\\/\\\/www.facebook.com\\\/collegi.creanova\",\"https:\\\/\\\/x.com\\\/CollegiCreaNova\",\"https:\\\/\\\/www.instagram.com\\\/collegicreanova\\\/\",\"https:\\\/\\\/www.pinterest.com\\\/collegiCreaNova\\\/\",\"https:\\\/\\\/www.youtube.com\\\/channel\\\/UCNAWIuULmSWS1gnVCYmnIIw\"]}]}<\/script>\n<!-- \/ Yoast SEO plugin. -->","yoast_head_json":{"title":"Esports - CreaNova School","robots":{"index":"index","follow":"follow","max-snippet":"max-snippet:-1","max-image-preview":"max-image-preview:large","max-video-preview":"max-video-preview:-1"},"canonical":"https:\/\/creanovaschool.com\/ca\/deportes\/","og_locale":"ca_ES","og_type":"article","og_title":"Deportes - CreaNova School","og_description":"Convenios con clubes deportivos La actividad f\u00edsica es un pilar fundamental en el desarrollo integral de los ni\u00f1os y ni\u00f1as, no solo porque promueve una vida saludable, sino porque contribuye al bienestar emocional, social y cognitivo. En CreaNova School entendemos que esta asignatura es clave para el aprendizaje y, por ello, ofrecemos una educaci\u00f3n que [&hellip;]","og_url":"https:\/\/creanovaschool.com\/ca\/deportes\/","og_site_name":"CreaNova School","article_publisher":"https:\/\/www.facebook.com\/collegi.creanova","article_modified_time":"2025-03-07T09:51:22+00:00","og_image":[{"width":400,"height":226,"url":"https:\/\/creanovaschool.com\/wp-content\/uploads\/2024\/07\/Logo_Creanova_negativo-1.png","type":"image\/png"}],"twitter_card":"summary_large_image","twitter_site":"@CollegiCreaNova","twitter_misc":{"Temps estimat de lectura":"4 minuts"},"schema":{"@context":"https:\/\/schema.org","@graph":[{"@type":"WebPage","@id":"https:\/\/creanovaschool.com\/deportes\/","url":"https:\/\/creanovaschool.com\/deportes\/","name":"Esports - CreaNova School","isPartOf":{"@id":"https:\/\/creanovaschool.com\/#website"},"primaryImageOfPage":{"@id":"https:\/\/creanovaschool.com\/deportes\/#primaryimage"},"image":{"@id":"https:\/\/creanovaschool.com\/deportes\/#primaryimage"},"thumbnailUrl":"https:\/\/creanovaschool.com\/wp-content\/uploads\/2024\/07\/Logo_Creanova_negativo-1.png","datePublished":"2024-09-23T09:53:50+00:00","dateModified":"2025-03-07T09:51:22+00:00","breadcrumb":{"@id":"https:\/\/creanovaschool.com\/deportes\/#breadcrumb"},"inLanguage":"ca","potentialAction":[{"@type":"ReadAction","target":["https:\/\/creanovaschool.com\/deportes\/"]}]},{"@type":"ImageObject","inLanguage":"ca","@id":"https:\/\/creanovaschool.com\/deportes\/#primaryimage","url":"https:\/\/creanovaschool.com\/wp-content\/uploads\/2024\/07\/Logo_Creanova_negativo-1.png","contentUrl":"https:\/\/creanovaschool.com\/wp-content\/uploads\/2024\/07\/Logo_Creanova_negativo-1.png"},{"@type":"BreadcrumbList","@id":"https:\/\/creanovaschool.com\/deportes\/#breadcrumb","itemListElement":[{"@type":"ListItem","position":1,"name":"Portada","item":"https:\/\/creanovaschool.com\/"},{"@type":"ListItem","position":2,"name":"Deportes"}]},{"@type":"WebSite","@id":"https:\/\/creanovaschool.com\/#website","url":"https:\/\/creanovaschool.com\/","name":"CreaNova School","description":"Learning by doing private school in Barcelona","publisher":{"@id":"https:\/\/creanovaschool.com\/#organization"},"potentialAction":[{"@type":"SearchAction","target":{"@type":"EntryPoint","urlTemplate":"https:\/\/creanovaschool.com\/?s={search_term_string}"},"query-input":{"@type":"PropertyValueSpecification","valueRequired":true,"valueName":"search_term_string"}}],"inLanguage":"ca"},{"@type":"Organization","@id":"https:\/\/creanovaschool.com\/#organization","name":"CreaNova School","url":"https:\/\/creanovaschool.com\/","logo":{"@type":"ImageObject","inLanguage":"ca","@id":"https:\/\/creanovaschool.com\/#\/schema\/logo\/image\/","url":"https:\/\/creanovaschool.com\/wp-content\/uploads\/2024\/07\/Logo_Creanova_claim.png","contentUrl":"https:\/\/creanovaschool.com\/wp-content\/uploads\/2024\/07\/Logo_Creanova_claim.png","width":2909,"height":960,"caption":"CreaNova School"},"image":{"@id":"https:\/\/creanovaschool.com\/#\/schema\/logo\/image\/"},"sameAs":["https:\/\/www.facebook.com\/collegi.creanova","https:\/\/x.com\/CollegiCreaNova","https:\/\/www.instagram.com\/collegicreanova\/","https:\/\/www.pinterest.com\/collegiCreaNova\/","https:\/\/www.youtube.com\/channel\/UCNAWIuULmSWS1gnVCYmnIIw"]}]}},"_links":{"self":[{"href":"https:\/\/creanovaschool.com\/ca\/wp-json\/wp\/v2\/pages\/22168","targetHints":{"allow":["GET"]}}],"collection":[{"href":"https:\/\/creanovaschool.com\/ca\/wp-json\/wp\/v2\/pages"}],"about":[{"href":"https:\/\/creanovaschool.com\/ca\/wp-json\/wp\/v2\/types\/page"}],"author":[{"embeddable":true,"href":"https:\/\/creanovaschool.com\/ca\/wp-json\/wp\/v2\/users\/3"}],"replies":[{"embeddable":true,"href":"https:\/\/creanovaschool.com\/ca\/wp-json\/wp\/v2\/comments?post=22168"}],"version-history":[{"count":37,"href":"https:\/\/creanovaschool.com\/ca\/wp-json\/wp\/v2\/pages\/22168\/revisions"}],"predecessor-version":[{"id":24908,"href":"https:\/\/creanovaschool.com\/ca\/wp-json\/wp\/v2\/pages\/22168\/revisions\/24908"}],"wp:attachment":[{"href":"https:\/\/creanovaschool.com\/ca\/wp-json\/wp\/v2\/media?parent=22168"}],"curies":[{"name":"wp","href":"https:\/\/api.w.org\/{rel}","templated":true}]}}