{"id":18975,"date":"2023-10-09T10:24:55","date_gmt":"2023-10-09T10:24:55","guid":{"rendered":"https:\/\/creanovaschool.com\/politica-de-cookies\/"},"modified":"2024-11-15T11:35:00","modified_gmt":"2024-11-15T10:35:00","slug":"politica-de-cookies","status":"publish","type":"page","link":"https:\/\/creanovaschool.com\/en\/politica-de-cookies\/","title":{"rendered":"Cookie Policy"},"content":{"rendered":"<h2><strong>Cookie Policy<\/strong><\/h2>\n<p><strong>DEFINITION AND FUNCTIONS OF COOKIES<\/strong><\/p>\n<p><span style=\"font-weight: 400;\">A cookie is a file that is downloaded to your computer when you access certain web pages. Cookies allow a website, among other things, to store and retrieve information about the browsing habits of a user or their equipment and, depending on the information they contain and the way in which they use their equipment, they can be used to recognise the user.<\/span><\/p>\n<p>\u00a0<\/p>\n<p><strong>WHAT TYPE OF COOKIES DOES THIS WEBSITE USE?<\/strong><\/p>\n<ol>\n<li><span style=\"font-weight: 400;\"><strong>Personalization cookies:<\/strong> They allow the user to access the service with some general characteristics predefined based on a series of criteria in the user&#039;s terminal, such as the language, the type of browser through which the user accesses the service, the regional configuration from which the user accesses the service, etc.<\/span><\/li>\n<li><span style=\"font-weight: 400;\"><strong>Analysis cookies:<\/strong> They allow the monitoring and analysis of the behavior of users of the websites to which they are linked. The information collected is used to measure the activity of our website and to create user navigation profiles in order to introduce improvements based on the analysis of the data on the use made by users of the service.<br \/><br \/><\/span><\/li>\n<\/ol>\n<table>\n<thead>\n<tr>\n<th>Cookie<\/th>\n<th>Domain<\/th>\n<th>Description<\/th>\n<th>Duration<\/th>\n<th>Guy<\/th>\n<\/tr>\n<\/thead>\n<tbody>\n<tr>\n<td>Google Analytics<\/td>\n<td>creanovaschool.com<\/td>\n<td>This cookie is created to distinguish users and sessions. The cookie is created when the JavaScript library executes and there are no existing __utma cookies. It is updated every time data is sent to Google Analytics.<\/td>\n<td>1 year 1 month 4 days<\/td>\n<td>Analytics<\/td>\n<\/tr>\n<tr>\n<td>Google Analytics<\/td>\n<td>creanovaschool.com<\/td>\n<td>This cookie is set by Google Analytics to enable interoperability with urchin.js, an older version of Google Analytics, and is used in conjunction with the __utmb cookie to determine new sessions\/visits. It is deleted when the user closes the browser.<\/td>\n<td>Session<\/td>\n<td>Analytics<\/td>\n<\/tr>\n<tr>\n<td>Google Analytics<\/td>\n<td>creanovaschool.com<\/td>\n<td>This cookie is set by Google Analytics to store the traffic source or campaign through which the visitor reached your site.<\/td>\n<td>6 months<\/td>\n<td>Analytics<\/td>\n<\/tr>\n<tr>\n<td>Google Analytics<\/td>\n<td>creanovaschool.com<\/td>\n<td>This cookie is set by Google Analytics to throttle request rate.<\/td>\n<td>10 minutes<\/td>\n<td>Analytics<\/td>\n<\/tr>\n<tr>\n<td>Google Analytics<\/td>\n<td>creanovaschool.com<\/td>\n<td>This cookie is set by Google Analytics to determine new sessions\/visits. The __utmb cookie is created when the JavaScript library executes and there are no existing __utma cookies. It is updated every time data is sent to Google Analytics.<\/td>\n<td>30 minutes<\/td>\n<td>Analytics<\/td>\n<\/tr>\n<\/tbody>\n<\/table>\n<p>\u00a0<\/p>\n<p><strong>BLOCK OR DELETE COOKIES<\/strong><\/p>\n<p>You can allow, block or delete the cookies installed on your computer through the settings<br \/>from the options of the browser installed on your computer.<\/p>\n<p>For more information about <strong>Chrome<\/strong> click on <a href=\"https:\/\/support.google.com\/chrome\/answer\/95647?co=GENIE.Platform%3DDesktop&amp;hl=es\" target=\"_new\" rel=\"noopener\">this link<\/a>.<br \/>For more information about <strong>Safari<\/strong>, click on <a href=\"https:\/\/support.apple.com\/es-es\/guide\/safari\/sfri11471\/mac\" target=\"_new\" rel=\"noopener\">this link<\/a>.<br \/>For more information about <strong>Firefox<\/strong>, click on <a href=\"https:\/\/www.google.com\/url?sa=t&amp;rct=j&amp;q=&amp;esrc=s&amp;source=web&amp;cd=11&amp;ved=2ahUKEwiR-r64jJ7lAhX9A2MBHc33BCwQFjAKegQIAxAB&amp;url=https%3A%2F%2Fsupport.mozilla.org%2Fes%2Fkb%2Fhabilitar-y-deshabilitar-cookies-sitios-web-rastrear-preferencias&amp;usg=AOvVaw18VoYcKgwxNasUL7tU0WSG\" target=\"_new\" rel=\"noopener\">this link<\/a>.<br \/>For more information about <strong>Internet Explorer<\/strong>, click on <a href=\"https:\/\/support.microsoft.com\/es-es\/help\/278835\/how-to-delete-cookie-files-in-internet-explorer\" target=\"_new\" rel=\"noopener\">this link<\/a>.<br \/>For more information about <strong>Microsoft Edge<\/strong>, click on <a href=\"https:\/\/support.microsoft.com\/es-es\/help\/4468242\/microsoft-edge-browsing-data-and-privacy-microsoft-privacy\" target=\"_new\" rel=\"noopener\">this link<\/a>.<br \/><br \/><br \/><\/p>\n\n\n<p><\/p>","protected":false},"excerpt":{"rendered":"<p>Pol\u00edtica de Cookies DEFINICI\u00d3N Y FUNCIONES DE LAS COOKIES Una cookie es un fichero que se descargan en su ordenador al acceder a determinadas p\u00e1ginas web. Las cookies permiten a una p\u00e1gina web, entre otras cosas, almacenar y recuperar informaci\u00f3n sobre los h\u00e1bitos de navegaci\u00f3n de un usuario o de su equipo y, dependiendo de [&hellip;]<\/p>\n","protected":false},"author":3,"featured_media":0,"parent":0,"menu_order":0,"comment_status":"closed","ping_status":"closed","template":"","meta":{"footnotes":""},"class_list":["post-18975","page","type-page","status-publish","hentry"],"yoast_head":"<!-- This site is optimized with the Yoast SEO plugin v27.3 - https:\/\/yoast.com\/product\/yoast-seo-wordpress\/ -->\n<title>Pol\u00edtica de Cookies - CreaNova School<\/title>\n<meta name=\"robots\" content=\"index, follow, max-snippet:-1, max-image-preview:large, max-video-preview:-1\" \/>\n<link rel=\"canonical\" href=\"https:\/\/creanovaschool.com\/en\/politica-de-cookies\/\" \/>\n<meta property=\"og:locale\" content=\"en_GB\" \/>\n<meta property=\"og:type\" content=\"article\" \/>\n<meta property=\"og:title\" content=\"Pol\u00edtica de Cookies - CreaNova School\" \/>\n<meta property=\"og:description\" content=\"Pol\u00edtica de Cookies DEFINICI\u00d3N Y FUNCIONES DE LAS COOKIES Una cookie es un fichero que se descargan en su ordenador al acceder a determinadas p\u00e1ginas web. Las cookies permiten a una p\u00e1gina web, entre otras cosas, almacenar y recuperar informaci\u00f3n sobre los h\u00e1bitos de navegaci\u00f3n de un usuario o de su equipo y, dependiendo de [&hellip;]\" \/>\n<meta property=\"og:url\" content=\"https:\/\/creanovaschool.com\/en\/politica-de-cookies\/\" \/>\n<meta property=\"og:site_name\" content=\"CreaNova School\" \/>\n<meta property=\"article:publisher\" content=\"https:\/\/www.facebook.com\/collegi.creanova\" \/>\n<meta property=\"article:modified_time\" content=\"2024-11-15T10:35:00+00:00\" \/>\n<meta name=\"twitter:card\" content=\"summary_large_image\" \/>\n<meta name=\"twitter:site\" content=\"@CollegiCreaNova\" \/>\n<meta name=\"twitter:label1\" content=\"Estimated reading time\" \/>\n\t<meta name=\"twitter:data1\" content=\"3 minutes\" \/>\n<script type=\"application\/ld+json\" class=\"yoast-schema-graph\">{\"@context\":\"https:\\\/\\\/schema.org\",\"@graph\":[{\"@type\":\"WebPage\",\"@id\":\"https:\\\/\\\/creanovaschool.com\\\/politica-de-cookies\\\/\",\"url\":\"https:\\\/\\\/creanovaschool.com\\\/politica-de-cookies\\\/\",\"name\":\"Pol\u00edtica de Cookies - CreaNova School\",\"isPartOf\":{\"@id\":\"https:\\\/\\\/creanovaschool.com\\\/#website\"},\"datePublished\":\"2023-10-09T10:24:55+00:00\",\"dateModified\":\"2024-11-15T10:35:00+00:00\",\"breadcrumb\":{\"@id\":\"https:\\\/\\\/creanovaschool.com\\\/politica-de-cookies\\\/#breadcrumb\"},\"inLanguage\":\"en-GB\",\"potentialAction\":[{\"@type\":\"ReadAction\",\"target\":[\"https:\\\/\\\/creanovaschool.com\\\/politica-de-cookies\\\/\"]}]},{\"@type\":\"BreadcrumbList\",\"@id\":\"https:\\\/\\\/creanovaschool.com\\\/politica-de-cookies\\\/#breadcrumb\",\"itemListElement\":[{\"@type\":\"ListItem\",\"position\":1,\"name\":\"Portada\",\"item\":\"https:\\\/\\\/creanovaschool.com\\\/\"},{\"@type\":\"ListItem\",\"position\":2,\"name\":\"Pol\u00edtica de Cookies\"}]},{\"@type\":\"WebSite\",\"@id\":\"https:\\\/\\\/creanovaschool.com\\\/#website\",\"url\":\"https:\\\/\\\/creanovaschool.com\\\/\",\"name\":\"CreaNova School\",\"description\":\"Learning by doing private school in Barcelona\",\"publisher\":{\"@id\":\"https:\\\/\\\/creanovaschool.com\\\/#organization\"},\"potentialAction\":[{\"@type\":\"SearchAction\",\"target\":{\"@type\":\"EntryPoint\",\"urlTemplate\":\"https:\\\/\\\/creanovaschool.com\\\/?s={search_term_string}\"},\"query-input\":{\"@type\":\"PropertyValueSpecification\",\"valueRequired\":true,\"valueName\":\"search_term_string\"}}],\"inLanguage\":\"en-GB\"},{\"@type\":\"Organization\",\"@id\":\"https:\\\/\\\/creanovaschool.com\\\/#organization\",\"name\":\"CreaNova School\",\"url\":\"https:\\\/\\\/creanovaschool.com\\\/\",\"logo\":{\"@type\":\"ImageObject\",\"inLanguage\":\"en-GB\",\"@id\":\"https:\\\/\\\/creanovaschool.com\\\/#\\\/schema\\\/logo\\\/image\\\/\",\"url\":\"https:\\\/\\\/creanovaschool.com\\\/wp-content\\\/uploads\\\/2024\\\/07\\\/Logo_Creanova_claim.png\",\"contentUrl\":\"https:\\\/\\\/creanovaschool.com\\\/wp-content\\\/uploads\\\/2024\\\/07\\\/Logo_Creanova_claim.png\",\"width\":2909,\"height\":960,\"caption\":\"CreaNova School\"},\"image\":{\"@id\":\"https:\\\/\\\/creanovaschool.com\\\/#\\\/schema\\\/logo\\\/image\\\/\"},\"sameAs\":[\"https:\\\/\\\/www.facebook.com\\\/collegi.creanova\",\"https:\\\/\\\/x.com\\\/CollegiCreaNova\",\"https:\\\/\\\/www.instagram.com\\\/collegicreanova\\\/\",\"https:\\\/\\\/www.pinterest.com\\\/collegiCreaNova\\\/\",\"https:\\\/\\\/www.youtube.com\\\/channel\\\/UCNAWIuULmSWS1gnVCYmnIIw\"]}]}<\/script>\n<!-- \/ Yoast SEO plugin. -->","yoast_head_json":{"title":"Cookies Policy - CreaNova School","robots":{"index":"index","follow":"follow","max-snippet":"max-snippet:-1","max-image-preview":"max-image-preview:large","max-video-preview":"max-video-preview:-1"},"canonical":"https:\/\/creanovaschool.com\/en\/politica-de-cookies\/","og_locale":"en_GB","og_type":"article","og_title":"Pol\u00edtica de Cookies - CreaNova School","og_description":"Pol\u00edtica de Cookies DEFINICI\u00d3N Y FUNCIONES DE LAS COOKIES Una cookie es un fichero que se descargan en su ordenador al acceder a determinadas p\u00e1ginas web. Las cookies permiten a una p\u00e1gina web, entre otras cosas, almacenar y recuperar informaci\u00f3n sobre los h\u00e1bitos de navegaci\u00f3n de un usuario o de su equipo y, dependiendo de [&hellip;]","og_url":"https:\/\/creanovaschool.com\/en\/politica-de-cookies\/","og_site_name":"CreaNova School","article_publisher":"https:\/\/www.facebook.com\/collegi.creanova","article_modified_time":"2024-11-15T10:35:00+00:00","twitter_card":"summary_large_image","twitter_site":"@CollegiCreaNova","twitter_misc":{"Estimated reading time":"3 minutes"},"schema":{"@context":"https:\/\/schema.org","@graph":[{"@type":"WebPage","@id":"https:\/\/creanovaschool.com\/politica-de-cookies\/","url":"https:\/\/creanovaschool.com\/politica-de-cookies\/","name":"Cookies Policy - CreaNova School","isPartOf":{"@id":"https:\/\/creanovaschool.com\/#website"},"datePublished":"2023-10-09T10:24:55+00:00","dateModified":"2024-11-15T10:35:00+00:00","breadcrumb":{"@id":"https:\/\/creanovaschool.com\/politica-de-cookies\/#breadcrumb"},"inLanguage":"en-GB","potentialAction":[{"@type":"ReadAction","target":["https:\/\/creanovaschool.com\/politica-de-cookies\/"]}]},{"@type":"BreadcrumbList","@id":"https:\/\/creanovaschool.com\/politica-de-cookies\/#breadcrumb","itemListElement":[{"@type":"ListItem","position":1,"name":"Portada","item":"https:\/\/creanovaschool.com\/"},{"@type":"ListItem","position":2,"name":"Pol\u00edtica de Cookies"}]},{"@type":"WebSite","@id":"https:\/\/creanovaschool.com\/#website","url":"https:\/\/creanovaschool.com\/","name":"CreaNova School","description":"Learning by doing private school in Barcelona","publisher":{"@id":"https:\/\/creanovaschool.com\/#organization"},"potentialAction":[{"@type":"SearchAction","target":{"@type":"EntryPoint","urlTemplate":"https:\/\/creanovaschool.com\/?s={search_term_string}"},"query-input":{"@type":"PropertyValueSpecification","valueRequired":true,"valueName":"search_term_string"}}],"inLanguage":"en-GB"},{"@type":"Organization","@id":"https:\/\/creanovaschool.com\/#organization","name":"CreaNova School","url":"https:\/\/creanovaschool.com\/","logo":{"@type":"ImageObject","inLanguage":"en-GB","@id":"https:\/\/creanovaschool.com\/#\/schema\/logo\/image\/","url":"https:\/\/creanovaschool.com\/wp-content\/uploads\/2024\/07\/Logo_Creanova_claim.png","contentUrl":"https:\/\/creanovaschool.com\/wp-content\/uploads\/2024\/07\/Logo_Creanova_claim.png","width":2909,"height":960,"caption":"CreaNova School"},"image":{"@id":"https:\/\/creanovaschool.com\/#\/schema\/logo\/image\/"},"sameAs":["https:\/\/www.facebook.com\/collegi.creanova","https:\/\/x.com\/CollegiCreaNova","https:\/\/www.instagram.com\/collegicreanova\/","https:\/\/www.pinterest.com\/collegiCreaNova\/","https:\/\/www.youtube.com\/channel\/UCNAWIuULmSWS1gnVCYmnIIw"]}]}},"_links":{"self":[{"href":"https:\/\/creanovaschool.com\/en\/wp-json\/wp\/v2\/pages\/18975","targetHints":{"allow":["GET"]}}],"collection":[{"href":"https:\/\/creanovaschool.com\/en\/wp-json\/wp\/v2\/pages"}],"about":[{"href":"https:\/\/creanovaschool.com\/en\/wp-json\/wp\/v2\/types\/page"}],"author":[{"embeddable":true,"href":"https:\/\/creanovaschool.com\/en\/wp-json\/wp\/v2\/users\/3"}],"replies":[{"embeddable":true,"href":"https:\/\/creanovaschool.com\/en\/wp-json\/wp\/v2\/comments?post=18975"}],"version-history":[{"count":6,"href":"https:\/\/creanovaschool.com\/en\/wp-json\/wp\/v2\/pages\/18975\/revisions"}],"predecessor-version":[{"id":23664,"href":"https:\/\/creanovaschool.com\/en\/wp-json\/wp\/v2\/pages\/18975\/revisions\/23664"}],"wp:attachment":[{"href":"https:\/\/creanovaschool.com\/en\/wp-json\/wp\/v2\/media?parent=18975"}],"curies":[{"name":"wp","href":"https:\/\/api.w.org\/{rel}","templated":true}]}}