{"id":25466,"date":"2025-11-14T09:55:55","date_gmt":"2025-11-14T08:55:55","guid":{"rendered":"https:\/\/creanovaschool.com\/?page_id=25466"},"modified":"2026-05-05T17:50:53","modified_gmt":"2026-05-05T16:50:53","slug":"menu-mensual","status":"publish","type":"page","link":"https:\/\/creanovaschool.com\/en\/menu-mensual\/","title":{"rendered":"Monthly menu"},"content":{"rendered":"<div data-elementor-type=\"wp-page\" data-elementor-id=\"25466\" class=\"elementor elementor-25466\" data-elementor-post-type=\"page\">\n\t\t\t\t\t\t<section class=\"elementor-section elementor-top-section elementor-element elementor-element-d3aa55b elementor-section-height-min-height elementor-section-items-bottom elementor-section-content-middle elementor-section-boxed elementor-section-height-default\" data-id=\"d3aa55b\" data-element_type=\"section\" data-e-type=\"section\" data-settings=\"{&quot;background_background&quot;:&quot;classic&quot;}\">\n\t\t\t\t\t\t\t<div class=\"elementor-background-overlay\"><\/div>\n\t\t\t\t\t\t\t<div class=\"elementor-container elementor-column-gap-default\">\n\t\t\t\t\t<div class=\"elementor-column elementor-col-100 elementor-top-column elementor-element elementor-element-55cf903\" data-id=\"55cf903\" data-element_type=\"column\" data-e-type=\"column\">\n\t\t\t<div class=\"elementor-widget-wrap elementor-element-populated\">\n\t\t\t\t\t\t<div class=\"elementor-element elementor-element-10ab192 elementor-widget elementor-widget-image\" data-id=\"10ab192\" data-element_type=\"widget\" data-e-type=\"widget\" data-widget_type=\"image.default\">\n\t\t\t\t<div class=\"elementor-widget-container\">\n\t\t\t\t\t\t\t\t\t\t\t\t\t\t\t<img fetchpriority=\"high\" decoding=\"async\" width=\"400\" height=\"226\" src=\"https:\/\/creanovaschool.com\/wp-content\/uploads\/2024\/07\/Logo_Creanova_negativo-1.png\" class=\"attachment-large size-large wp-image-20116\" alt=\"\" srcset=\"https:\/\/creanovaschool.com\/wp-content\/uploads\/2024\/07\/Logo_Creanova_negativo-1.png 400w, https:\/\/creanovaschool.com\/wp-content\/uploads\/2024\/07\/Logo_Creanova_negativo-1-300x170.png 300w\" sizes=\"(max-width: 400px) 100vw, 400px\" \/>\t\t\t\t\t\t\t\t\t\t\t\t\t\t\t<\/div>\n\t\t\t\t<\/div>\n\t\t\t\t\t<\/div>\n\t\t<\/div>\n\t\t\t\t\t<\/div>\n\t\t<\/section>\n\t\t\t\t<section class=\"elementor-section elementor-top-section elementor-element elementor-element-d519c45 elementor-section-boxed elementor-section-height-default elementor-section-height-default\" data-id=\"d519c45\" data-element_type=\"section\" data-e-type=\"section\">\n\t\t\t\t\t\t<div class=\"elementor-container elementor-column-gap-default\">\n\t\t\t\t\t<div class=\"elementor-column elementor-col-100 elementor-top-column elementor-element elementor-element-119ba73\" data-id=\"119ba73\" data-element_type=\"column\" data-e-type=\"column\">\n\t\t\t<div class=\"elementor-widget-wrap elementor-element-populated\">\n\t\t\t\t\t\t<div class=\"elementor-element elementor-element-8d191c9 elementor-widget elementor-widget-image\" data-id=\"8d191c9\" data-element_type=\"widget\" data-e-type=\"widget\" data-widget_type=\"image.default\">\n\t\t\t\t<div class=\"elementor-widget-container\">\n\t\t\t\t\t\t\t\t\t\t\t\t\t\t\t<img decoding=\"async\" width=\"800\" height=\"266\" src=\"https:\/\/creanovaschool.com\/wp-content\/uploads\/2024\/08\/Mesa-de-trabajo-93-copia-10.svg\" class=\"attachment-large size-large wp-image-20952\" alt=\"\" \/>\t\t\t\t\t\t\t\t\t\t\t\t\t\t\t<\/div>\n\t\t\t\t<\/div>\n\t\t\t\t<div class=\"elementor-element elementor-element-a445ac7 elementor-widget elementor-widget-heading\" data-id=\"a445ac7\" data-element_type=\"widget\" data-e-type=\"widget\" data-widget_type=\"heading.default\">\n\t\t\t\t<div class=\"elementor-widget-container\">\n\t\t\t\t\t<h1 class=\"elementor-heading-title elementor-size-default\">Creanova Menus<\/h1>\t\t\t\t<\/div>\n\t\t\t\t<\/div>\n\t\t\t\t<div class=\"elementor-element elementor-element-6493cc9 elementor-widget elementor-widget-heading\" data-id=\"6493cc9\" data-element_type=\"widget\" data-e-type=\"widget\" data-widget_type=\"heading.default\">\n\t\t\t\t<div class=\"elementor-widget-container\">\n\t\t\t\t\t<h5 class=\"elementor-heading-title elementor-size-default\">At CreaNova School we offer different types of menus:\nbasal, vegetarian, gluten-free and lactose-free.<\/h5>\t\t\t\t<\/div>\n\t\t\t\t<\/div>\n\t\t\t\t\t<\/div>\n\t\t<\/div>\n\t\t\t\t\t<\/div>\n\t\t<\/section>\n\t\t\t\t<section class=\"elementor-section elementor-top-section elementor-element elementor-element-b29569a elementor-section-height-min-height elementor-section-boxed elementor-section-height-default elementor-section-items-middle\" data-id=\"b29569a\" data-element_type=\"section\" data-e-type=\"section\" data-settings=\"{&quot;background_background&quot;:&quot;classic&quot;}\">\n\t\t\t\t\t\t<div class=\"elementor-container elementor-column-gap-default\">\n\t\t\t\t\t<div class=\"elementor-column elementor-col-100 elementor-top-column elementor-element elementor-element-a1fdfe9\" data-id=\"a1fdfe9\" data-element_type=\"column\" data-e-type=\"column\">\n\t\t\t<div class=\"elementor-widget-wrap elementor-element-populated\">\n\t\t\t\t\t\t<div class=\"elementor-element elementor-element-0dd30f5 elementor-widget elementor-widget-text-editor\" data-id=\"0dd30f5\" data-element_type=\"widget\" data-e-type=\"widget\" data-widget_type=\"text-editor.default\">\n\t\t\t\t<div class=\"elementor-widget-container\">\n\t\t\t\t\t\t\t\t\t<div class=\"elementToProof\"><strong>The canteen service at CreaNova School<\/strong> is fully assumed by the school itself, both in the preparation of the menus and their correct nutritional balance and in the supervision of the service. The school has a canteen project developed by the centre, which includes the canteen time as a learning centre, as the pupils eat with their tutors.<\/div><div>\u00a0<\/div><div class=\"elementToProof\">A <strong>balanced menu<\/strong>, according to the indications of the Generalitat de Catalunya, for schools. We continue to work on improving the quality of our meals, increasing the intake of vegetables and fruit and balancing the consumption of protein.<\/div><div>\u00a0<\/div><div class=\"elementToProof\">We offer a model that involves the <strong>nutrition education as part of the Education Project<\/strong> and the life of the learner.<\/div><div>\u00a0<\/div><div class=\"elementToProof\"><strong>At CreaNova School we offer different types of menus: basal, vegetarian, gluten-free and lactose-free.<\/strong> We also take into account any food allergies or intolerances that students may have, whether specific or chronic, always under medical prescription and details and indicated on the canteen service registration form.<\/div><div>\u00a0<\/div><div class=\"elementToProof\">In addition, with the aim of supporting families in a balanced diet throughout the day, we publish the school's lunchtime menus on the website and, as a novelty, we also include an indicative menu for dinners. <strong>This menu has been prepared by our nutritionist.<\/strong> and is designed to help families plan varied and healthy meals, offering proposals that complement what children have previously eaten at school. In this way, we provide families with ideas and resources to follow a complete, varied diet that is consistent with our educational project.<\/div>\t\t\t\t\t\t\t\t<\/div>\n\t\t\t\t<\/div>\n\t\t\t\t<div class=\"elementor-element elementor-element-890c1a8 elementor-align-center elementor-widget elementor-widget-button\" data-id=\"890c1a8\" data-element_type=\"widget\" data-e-type=\"widget\" data-widget_type=\"button.default\">\n\t\t\t\t<div class=\"elementor-widget-container\">\n\t\t\t\t\t\t\t\t\t<div class=\"elementor-button-wrapper\">\n\t\t\t\t\t<a class=\"elementor-button elementor-button-link elementor-size-sm\" href=\"https:\/\/creanovaschool.com\/wp-content\/uploads\/2026\/05\/Menu-Mayo-1.pdf\" target=\"_blank\">\n\t\t\t\t\t\t<span class=\"elementor-button-content-wrapper\">\n\t\t\t\t\t\t<span class=\"elementor-button-icon\">\n\t\t\t\t<i aria-hidden=\"true\" class=\"fas fa-arrow-alt-circle-right\"><\/i>\t\t\t<\/span>\n\t\t\t\t\t\t\t\t\t<span class=\"elementor-button-text\">May Menu<\/span>\n\t\t\t\t\t<\/span>\n\t\t\t\t\t<\/a>\n\t\t\t\t<\/div>\n\t\t\t\t\t\t\t\t<\/div>\n\t\t\t\t<\/div>\n\t\t\t\t\t<\/div>\n\t\t<\/div>\n\t\t\t\t\t<\/div>\n\t\t<\/section>\n\t\t\t\t<\/div>","protected":false},"excerpt":{"rendered":"<p>Men\u00fas Creanova\u200b\u200b En CreaNova School ofrecemos diferentes tipos de men\u00fa: basal, vegetariano, sin gluten y sin lactosa. El servicio de comedor en CreaNova School es asumido integralmente por el propio centro, tanto en la elaboraci\u00f3n de los men\u00fas y su correcto equilibrio nutricional como en la supervisi\u00f3n del servicio. La escuela cuenta con un proyecto [&hellip;]<\/p>\n","protected":false},"author":12,"featured_media":0,"parent":0,"menu_order":0,"comment_status":"closed","ping_status":"closed","template":"","meta":{"footnotes":""},"class_list":["post-25466","page","type-page","status-publish","hentry"],"yoast_head":"<!-- This site is optimized with the Yoast SEO plugin v27.6 - https:\/\/yoast.com\/product\/yoast-seo-wordpress\/ -->\n<title>Menu mensual - CreaNova School<\/title>\n<meta name=\"robots\" content=\"index, follow, max-snippet:-1, max-image-preview:large, max-video-preview:-1\" \/>\n<link rel=\"canonical\" href=\"https:\/\/creanovaschool.com\/en\/menu-mensual\/\" \/>\n<meta property=\"og:locale\" content=\"en_GB\" \/>\n<meta property=\"og:type\" content=\"article\" \/>\n<meta property=\"og:title\" content=\"Menu mensual - CreaNova School\" \/>\n<meta property=\"og:description\" content=\"Men\u00fas Creanova\u200b\u200b En CreaNova School ofrecemos diferentes tipos de men\u00fa: basal, vegetariano, sin gluten y sin lactosa. El servicio de comedor en CreaNova School es asumido integralmente por el propio centro, tanto en la elaboraci\u00f3n de los men\u00fas y su correcto equilibrio nutricional como en la supervisi\u00f3n del servicio. La escuela cuenta con un proyecto [&hellip;]\" \/>\n<meta property=\"og:url\" content=\"https:\/\/creanovaschool.com\/en\/menu-mensual\/\" \/>\n<meta property=\"og:site_name\" content=\"CreaNova School\" \/>\n<meta property=\"article:publisher\" content=\"https:\/\/www.facebook.com\/collegi.creanova\" \/>\n<meta property=\"article:modified_time\" content=\"2026-05-05T16:50:53+00:00\" \/>\n<meta property=\"og:image\" content=\"https:\/\/creanovaschool.com\/wp-content\/uploads\/2024\/07\/Logo_Creanova_negativo-1.png\" \/>\n\t<meta property=\"og:image:width\" content=\"400\" \/>\n\t<meta property=\"og:image:height\" content=\"226\" \/>\n\t<meta property=\"og:image:type\" content=\"image\/png\" \/>\n<meta name=\"twitter:card\" content=\"summary_large_image\" \/>\n<meta name=\"twitter:site\" content=\"@CollegiCreaNova\" \/>\n<meta name=\"twitter:label1\" content=\"Estimated reading time\" \/>\n\t<meta name=\"twitter:data1\" content=\"2 minutes\" \/>\n<script type=\"application\/ld+json\" class=\"yoast-schema-graph\">{\"@context\":\"https:\\\/\\\/schema.org\",\"@graph\":[{\"@type\":\"WebPage\",\"@id\":\"https:\\\/\\\/creanovaschool.com\\\/menu-mensual\\\/\",\"url\":\"https:\\\/\\\/creanovaschool.com\\\/menu-mensual\\\/\",\"name\":\"Menu mensual - CreaNova School\",\"isPartOf\":{\"@id\":\"https:\\\/\\\/creanovaschool.com\\\/#website\"},\"primaryImageOfPage\":{\"@id\":\"https:\\\/\\\/creanovaschool.com\\\/menu-mensual\\\/#primaryimage\"},\"image\":{\"@id\":\"https:\\\/\\\/creanovaschool.com\\\/menu-mensual\\\/#primaryimage\"},\"thumbnailUrl\":\"https:\\\/\\\/creanovaschool.com\\\/wp-content\\\/uploads\\\/2024\\\/07\\\/Logo_Creanova_negativo-1.png\",\"datePublished\":\"2025-11-14T08:55:55+00:00\",\"dateModified\":\"2026-05-05T16:50:53+00:00\",\"breadcrumb\":{\"@id\":\"https:\\\/\\\/creanovaschool.com\\\/menu-mensual\\\/#breadcrumb\"},\"inLanguage\":\"en-GB\",\"potentialAction\":[{\"@type\":\"ReadAction\",\"target\":[\"https:\\\/\\\/creanovaschool.com\\\/menu-mensual\\\/\"]}]},{\"@type\":\"ImageObject\",\"inLanguage\":\"en-GB\",\"@id\":\"https:\\\/\\\/creanovaschool.com\\\/menu-mensual\\\/#primaryimage\",\"url\":\"https:\\\/\\\/creanovaschool.com\\\/wp-content\\\/uploads\\\/2024\\\/07\\\/Logo_Creanova_negativo-1.png\",\"contentUrl\":\"https:\\\/\\\/creanovaschool.com\\\/wp-content\\\/uploads\\\/2024\\\/07\\\/Logo_Creanova_negativo-1.png\"},{\"@type\":\"BreadcrumbList\",\"@id\":\"https:\\\/\\\/creanovaschool.com\\\/menu-mensual\\\/#breadcrumb\",\"itemListElement\":[{\"@type\":\"ListItem\",\"position\":1,\"name\":\"Portada\",\"item\":\"https:\\\/\\\/creanovaschool.com\\\/\"},{\"@type\":\"ListItem\",\"position\":2,\"name\":\"Menu mensual\"}]},{\"@type\":\"WebSite\",\"@id\":\"https:\\\/\\\/creanovaschool.com\\\/#website\",\"url\":\"https:\\\/\\\/creanovaschool.com\\\/\",\"name\":\"CreaNova School\",\"description\":\"Learning by doing private school in Barcelona\",\"publisher\":{\"@id\":\"https:\\\/\\\/creanovaschool.com\\\/#organization\"},\"potentialAction\":[{\"@type\":\"SearchAction\",\"target\":{\"@type\":\"EntryPoint\",\"urlTemplate\":\"https:\\\/\\\/creanovaschool.com\\\/?s={search_term_string}\"},\"query-input\":{\"@type\":\"PropertyValueSpecification\",\"valueRequired\":true,\"valueName\":\"search_term_string\"}}],\"inLanguage\":\"en-GB\"},{\"@type\":\"Organization\",\"@id\":\"https:\\\/\\\/creanovaschool.com\\\/#organization\",\"name\":\"CreaNova School\",\"url\":\"https:\\\/\\\/creanovaschool.com\\\/\",\"logo\":{\"@type\":\"ImageObject\",\"inLanguage\":\"en-GB\",\"@id\":\"https:\\\/\\\/creanovaschool.com\\\/#\\\/schema\\\/logo\\\/image\\\/\",\"url\":\"https:\\\/\\\/creanovaschool.com\\\/wp-content\\\/uploads\\\/2024\\\/07\\\/Logo_Creanova_claim.png\",\"contentUrl\":\"https:\\\/\\\/creanovaschool.com\\\/wp-content\\\/uploads\\\/2024\\\/07\\\/Logo_Creanova_claim.png\",\"width\":2909,\"height\":960,\"caption\":\"CreaNova School\"},\"image\":{\"@id\":\"https:\\\/\\\/creanovaschool.com\\\/#\\\/schema\\\/logo\\\/image\\\/\"},\"sameAs\":[\"https:\\\/\\\/www.facebook.com\\\/collegi.creanova\",\"https:\\\/\\\/x.com\\\/CollegiCreaNova\",\"https:\\\/\\\/www.instagram.com\\\/collegicreanova\\\/\",\"https:\\\/\\\/www.pinterest.com\\\/collegiCreaNova\\\/\",\"https:\\\/\\\/www.youtube.com\\\/channel\\\/UCNAWIuULmSWS1gnVCYmnIIw\"]}]}<\/script>\n<!-- \/ Yoast SEO plugin. -->","yoast_head_json":{"title":"Menu mensual - CreaNova School","robots":{"index":"index","follow":"follow","max-snippet":"max-snippet:-1","max-image-preview":"max-image-preview:large","max-video-preview":"max-video-preview:-1"},"canonical":"https:\/\/creanovaschool.com\/en\/menu-mensual\/","og_locale":"en_GB","og_type":"article","og_title":"Menu mensual - CreaNova School","og_description":"Men\u00fas Creanova\u200b\u200b En CreaNova School ofrecemos diferentes tipos de men\u00fa: basal, vegetariano, sin gluten y sin lactosa. El servicio de comedor en CreaNova School es asumido integralmente por el propio centro, tanto en la elaboraci\u00f3n de los men\u00fas y su correcto equilibrio nutricional como en la supervisi\u00f3n del servicio. La escuela cuenta con un proyecto [&hellip;]","og_url":"https:\/\/creanovaschool.com\/en\/menu-mensual\/","og_site_name":"CreaNova School","article_publisher":"https:\/\/www.facebook.com\/collegi.creanova","article_modified_time":"2026-05-05T16:50:53+00:00","og_image":[{"width":400,"height":226,"url":"https:\/\/creanovaschool.com\/wp-content\/uploads\/2024\/07\/Logo_Creanova_negativo-1.png","type":"image\/png"}],"twitter_card":"summary_large_image","twitter_site":"@CollegiCreaNova","twitter_misc":{"Estimated reading time":"2 minutes"},"schema":{"@context":"https:\/\/schema.org","@graph":[{"@type":"WebPage","@id":"https:\/\/creanovaschool.com\/menu-mensual\/","url":"https:\/\/creanovaschool.com\/menu-mensual\/","name":"Menu mensual - CreaNova School","isPartOf":{"@id":"https:\/\/creanovaschool.com\/#website"},"primaryImageOfPage":{"@id":"https:\/\/creanovaschool.com\/menu-mensual\/#primaryimage"},"image":{"@id":"https:\/\/creanovaschool.com\/menu-mensual\/#primaryimage"},"thumbnailUrl":"https:\/\/creanovaschool.com\/wp-content\/uploads\/2024\/07\/Logo_Creanova_negativo-1.png","datePublished":"2025-11-14T08:55:55+00:00","dateModified":"2026-05-05T16:50:53+00:00","breadcrumb":{"@id":"https:\/\/creanovaschool.com\/menu-mensual\/#breadcrumb"},"inLanguage":"en-GB","potentialAction":[{"@type":"ReadAction","target":["https:\/\/creanovaschool.com\/menu-mensual\/"]}]},{"@type":"ImageObject","inLanguage":"en-GB","@id":"https:\/\/creanovaschool.com\/menu-mensual\/#primaryimage","url":"https:\/\/creanovaschool.com\/wp-content\/uploads\/2024\/07\/Logo_Creanova_negativo-1.png","contentUrl":"https:\/\/creanovaschool.com\/wp-content\/uploads\/2024\/07\/Logo_Creanova_negativo-1.png"},{"@type":"BreadcrumbList","@id":"https:\/\/creanovaschool.com\/menu-mensual\/#breadcrumb","itemListElement":[{"@type":"ListItem","position":1,"name":"Portada","item":"https:\/\/creanovaschool.com\/"},{"@type":"ListItem","position":2,"name":"Menu mensual"}]},{"@type":"WebSite","@id":"https:\/\/creanovaschool.com\/#website","url":"https:\/\/creanovaschool.com\/","name":"CreaNova School","description":"Learning by doing private school in Barcelona","publisher":{"@id":"https:\/\/creanovaschool.com\/#organization"},"potentialAction":[{"@type":"SearchAction","target":{"@type":"EntryPoint","urlTemplate":"https:\/\/creanovaschool.com\/?s={search_term_string}"},"query-input":{"@type":"PropertyValueSpecification","valueRequired":true,"valueName":"search_term_string"}}],"inLanguage":"en-GB"},{"@type":"Organization","@id":"https:\/\/creanovaschool.com\/#organization","name":"CreaNova School","url":"https:\/\/creanovaschool.com\/","logo":{"@type":"ImageObject","inLanguage":"en-GB","@id":"https:\/\/creanovaschool.com\/#\/schema\/logo\/image\/","url":"https:\/\/creanovaschool.com\/wp-content\/uploads\/2024\/07\/Logo_Creanova_claim.png","contentUrl":"https:\/\/creanovaschool.com\/wp-content\/uploads\/2024\/07\/Logo_Creanova_claim.png","width":2909,"height":960,"caption":"CreaNova School"},"image":{"@id":"https:\/\/creanovaschool.com\/#\/schema\/logo\/image\/"},"sameAs":["https:\/\/www.facebook.com\/collegi.creanova","https:\/\/x.com\/CollegiCreaNova","https:\/\/www.instagram.com\/collegicreanova\/","https:\/\/www.pinterest.com\/collegiCreaNova\/","https:\/\/www.youtube.com\/channel\/UCNAWIuULmSWS1gnVCYmnIIw"]}]}},"_links":{"self":[{"href":"https:\/\/creanovaschool.com\/en\/wp-json\/wp\/v2\/pages\/25466","targetHints":{"allow":["GET"]}}],"collection":[{"href":"https:\/\/creanovaschool.com\/en\/wp-json\/wp\/v2\/pages"}],"about":[{"href":"https:\/\/creanovaschool.com\/en\/wp-json\/wp\/v2\/types\/page"}],"author":[{"embeddable":true,"href":"https:\/\/creanovaschool.com\/en\/wp-json\/wp\/v2\/users\/12"}],"replies":[{"embeddable":true,"href":"https:\/\/creanovaschool.com\/en\/wp-json\/wp\/v2\/comments?post=25466"}],"version-history":[{"count":79,"href":"https:\/\/creanovaschool.com\/en\/wp-json\/wp\/v2\/pages\/25466\/revisions"}],"predecessor-version":[{"id":25820,"href":"https:\/\/creanovaschool.com\/en\/wp-json\/wp\/v2\/pages\/25466\/revisions\/25820"}],"wp:attachment":[{"href":"https:\/\/creanovaschool.com\/en\/wp-json\/wp\/v2\/media?parent=25466"}],"curies":[{"name":"wp","href":"https:\/\/api.w.org\/{rel}","templated":true}]}}